{"id":9,"date":"2017-08-31T09:55:06","date_gmt":"2017-08-31T09:55:06","guid":{"rendered":"http:\/\/upcavado.pt\/?page_id=9"},"modified":"2018-09-27T11:56:24","modified_gmt":"2018-09-27T11:56:24","slug":"empreendedorismo","status":"publish","type":"page","link":"https:\/\/upcavado.pt\/?page_id=9","title":{"rendered":"Empreendedorismo"},"content":{"rendered":"<div class=\"row\">\n<div class=\"col-md-8 center\">\n<div id=\"pre-text\">o que saber<\/div>\n<div id=\"eixo-logo\"><img loading=\"lazy\" decoding=\"async\" class=\"align\" src=\"https:\/\/upcavado.pt\/wp-content\/uploads\/2017\/08\/logo-uc-empreendedorismo@2x.png\" alt=\"\" width=\"236\" height=\"84\" \/><\/div>\n<div id=\"main-text\">No \u00e2mbito do empreendedorismo, o UP C\u00e1vado disponibiliza uma estrutura de apoio aos empreendedores\/ investidores que facilita o acesso \u00e0s ferramentas, conhecimentos e informa\u00e7\u00f5es indispens\u00e1veis ao processo de empreender. O UP C\u00e1vado Empreendedorismo desenvolve v\u00e1rias a\u00e7\u00f5es focadas no Ecossistema empreendedor do C\u00e1vado, gerando din\u00e2micas empresariais que tornam mais atrativo o investimento na regi\u00e3o.<\/div>\n<\/div>\n<div class=\"col-md-12 empreendedorismo-extra\">\n<div class=\"row\">\n<div class=\"col-md-4 emp-item\">\n<div class=\"emp-item-inner\">\n<div class=\"item-icon\"><img loading=\"lazy\" decoding=\"async\" src=\"https:\/\/upcavado.pt\/wp-content\/uploads\/2017\/08\/ic-apoio-empreendedor@2x.png\" alt=\"\" width=\"56\" height=\"49\" \/><\/div>\n<h4 class=\"item-title\">Apoio ao empreendedor<\/h4>\n<div class=\"item-text\">O Cavado conta com uma rede de Antenas UP C\u00e1vado que apoia os empreendedores e investidores a superar as barreiras e encontrar os caminhos e solu\u00e7\u00f5es para transformar ideias em neg\u00f3cios. Adicionalmente dinamizam-se a\u00e7\u00f5es com o objetivo de facilitar o processo de constitui\u00e7\u00e3o de empresas, concretiza\u00e7\u00e3o de ideias, explora\u00e7\u00e3o de oportunidades e cria\u00e7\u00e3o do pr\u00f3prio emprego, entre outros.<\/div>\n<div class=\"item-link\"><a class=\"solid-btn\" href=\"https:\/\/upcavado.pt\/antenas\">Saber Mais<\/a><\/div>\n<\/div>\n<\/div>\n<div class=\"col-md-4 emp-item\">\n<div class=\"emp-item-inner\">\n<div class=\"item-icon\"><img loading=\"lazy\" decoding=\"async\" src=\"https:\/\/upcavado.pt\/wp-content\/uploads\/2017\/08\/ic-concurso-ideias@2x.png\" alt=\"\" width=\"45\" height=\"63\" \/><\/div>\n<h4 class=\"item-title\">CONCURSOS DE IDEIAS<\/h4>\n<div class=\"item-text\">Lan\u00e7amento de um Concurso de Ideias Intermunicipal focalizado no apoio \u00e0 concretiza\u00e7\u00e3o de ideias em neg\u00f3cios com elevado potencial de crescimento. Ser\u00e1 premiado o empreendedorismo e a inova\u00e7\u00e3o, na senda de uma estrutura empresarial sustent\u00e1vel, s\u00f3lida e baseada no conhecimento.<\/div>\n<div class=\"item-link\"><a class=\"solid-btn\" href=\"https:\/\/upcavado.pt\/up\">Saber Mais<\/a><\/div>\n<\/div>\n<\/div>\n<div class=\"col-md-4 emp-item\">\n<div class=\"emp-item-inner\">\n<div class=\"item-icon\"><img loading=\"lazy\" decoding=\"async\" src=\"https:\/\/upcavado.pt\/wp-content\/uploads\/2017\/08\/ic-incubacao@2x.png\" alt=\"\" width=\"56\" height=\"32\" \/><\/div>\n<h4 class=\"item-title\">INCUBA\u00c7\u00c3O E ACELERA\u00c7\u00c3O<\/h4>\n<div class=\"item-text\">A Startup Braga, \u00e9 um hub de inova\u00e7\u00e3o desenhado para apoiar a cria\u00e7\u00e3o e o desenvolvimento de projetos com elevado potencial empreendedor nos mercados internacionais. Ao pertencerem \u00e0 rede Startup Braga, as startups t\u00eam acesso a programas de pr\u00e9-acelera\u00e7\u00e3o, acelera\u00e7\u00e3o e incuba\u00e7\u00e3o desenvolvidos num espa\u00e7o de trabalho inserido num campus de 4.400m2 localizado no centro da cidade.<\/div>\n<\/div>\n<\/div>\n<\/div>\n<\/div>\n<\/div>\n","protected":false},"excerpt":{"rendered":"<p>Pretende-se promover o esp\u00edrito empreendedor do territ\u00f3rio atrav\u00e9s da disponibiliza\u00e7\u00e3o de um conjunto de ferramentas, conhecimento e informa\u00e7\u00f5es indispens\u00e1vel ao processo de empreender, atrav\u00e9s de uma opera\u00e7\u00e3o realizada  entre CIM C\u00e1vado, InvestBraga\/ Startup Braga e Ag\u00eancia de Energia do C\u00e1vado.<\/p>\n","protected":false},"author":1,"featured_media":70,"parent":0,"menu_order":0,"comment_status":"closed","ping_status":"closed","template":"page-eixos.php","meta":{"_acf_changed":false,"footnotes":""},"categories":[15],"tags":[],"class_list":["post-9","page","type-page","status-publish","has-post-thumbnail","hentry","category-eixo"],"acf":[],"yoast_head":"<!-- This site is optimized with the Yoast SEO plugin v26.9 - https:\/\/yoast.com\/product\/yoast-seo-wordpress\/ -->\n<title>Empreendedorismo - UP C\u00e1vado<\/title>\n<meta name=\"description\" content=\"Up C\u00e1vado provides a support structure for entrepreneurs\/investors that facilitates access to the tools in the process of undertaking.\" \/>\n<meta name=\"robots\" content=\"index, follow, max-snippet:-1, max-image-preview:large, max-video-preview:-1\" \/>\n<link rel=\"canonical\" href=\"https:\/\/upcavado.pt\/?page_id=9\" \/>\n<meta property=\"og:locale\" content=\"pt_PT\" \/>\n<meta property=\"og:type\" content=\"article\" \/>\n<meta property=\"og:title\" content=\"Empreendedorismo - UP C\u00e1vado\" \/>\n<meta property=\"og:description\" content=\"Up C\u00e1vado provides a support structure for entrepreneurs\/investors that facilitates access to the tools in the process of undertaking.\" \/>\n<meta property=\"og:url\" content=\"https:\/\/upcavado.pt\/?page_id=9\" \/>\n<meta property=\"og:site_name\" content=\"UP C\u00e1vado\" \/>\n<meta property=\"article:publisher\" content=\"https:\/\/www.facebook.com\/UPCAVADO\/\" \/>\n<meta property=\"article:modified_time\" content=\"2018-09-27T11:56:24+00:00\" \/>\n<meta property=\"og:image\" content=\"https:\/\/upcavado.pt\/wp-content\/uploads\/2017\/08\/img-header-empreendedorismo.png\" \/>\n\t<meta property=\"og:image:width\" content=\"1440\" \/>\n\t<meta property=\"og:image:height\" content=\"560\" \/>\n\t<meta property=\"og:image:type\" content=\"image\/png\" \/>\n<meta name=\"twitter:card\" content=\"summary_large_image\" \/>\n<meta name=\"twitter:label1\" content=\"Tempo estimado de leitura\" \/>\n\t<meta name=\"twitter:data1\" content=\"1 minuto\" \/>\n<script type=\"application\/ld+json\" class=\"yoast-schema-graph\">{\"@context\":\"https:\/\/schema.org\",\"@graph\":[{\"@type\":\"WebPage\",\"@id\":\"https:\/\/upcavado.pt\/?page_id=9\",\"url\":\"https:\/\/upcavado.pt\/?page_id=9\",\"name\":\"Empreendedorismo - UP C\u00e1vado\",\"isPartOf\":{\"@id\":\"https:\/\/upcavado.pt\/#website\"},\"primaryImageOfPage\":{\"@id\":\"https:\/\/upcavado.pt\/?page_id=9#primaryimage\"},\"image\":{\"@id\":\"https:\/\/upcavado.pt\/?page_id=9#primaryimage\"},\"thumbnailUrl\":\"https:\/\/upcavado.pt\/wp-content\/uploads\/2017\/08\/img-header-empreendedorismo.png\",\"datePublished\":\"2017-08-31T09:55:06+00:00\",\"dateModified\":\"2018-09-27T11:56:24+00:00\",\"description\":\"Up C\u00e1vado provides a support structure for entrepreneurs\/investors that facilitates access to the tools in the process of undertaking.\",\"breadcrumb\":{\"@id\":\"https:\/\/upcavado.pt\/?page_id=9#breadcrumb\"},\"inLanguage\":\"pt-PT\",\"potentialAction\":[{\"@type\":\"ReadAction\",\"target\":[\"https:\/\/upcavado.pt\/?page_id=9\"]}]},{\"@type\":\"ImageObject\",\"inLanguage\":\"pt-PT\",\"@id\":\"https:\/\/upcavado.pt\/?page_id=9#primaryimage\",\"url\":\"https:\/\/upcavado.pt\/wp-content\/uploads\/2017\/08\/img-header-empreendedorismo.png\",\"contentUrl\":\"https:\/\/upcavado.pt\/wp-content\/uploads\/2017\/08\/img-header-empreendedorismo.png\",\"width\":1440,\"height\":560},{\"@type\":\"BreadcrumbList\",\"@id\":\"https:\/\/upcavado.pt\/?page_id=9#breadcrumb\",\"itemListElement\":[{\"@type\":\"ListItem\",\"position\":1,\"name\":\"In\u00edcio\",\"item\":\"https:\/\/upcavado.pt\/\"},{\"@type\":\"ListItem\",\"position\":2,\"name\":\"Empreendedorismo\"}]},{\"@type\":\"WebSite\",\"@id\":\"https:\/\/upcavado.pt\/#website\",\"url\":\"https:\/\/upcavado.pt\/\",\"name\":\"UP C\u00e1vado\",\"description\":\"Novas pontes para a competitividade\",\"publisher\":{\"@id\":\"https:\/\/upcavado.pt\/#organization\"},\"potentialAction\":[{\"@type\":\"SearchAction\",\"target\":{\"@type\":\"EntryPoint\",\"urlTemplate\":\"https:\/\/upcavado.pt\/?s={search_term_string}\"},\"query-input\":{\"@type\":\"PropertyValueSpecification\",\"valueRequired\":true,\"valueName\":\"search_term_string\"}}],\"inLanguage\":\"pt-PT\"},{\"@type\":\"Organization\",\"@id\":\"https:\/\/upcavado.pt\/#organization\",\"name\":\"Up C\u00e1vado\",\"url\":\"https:\/\/upcavado.pt\/\",\"logo\":{\"@type\":\"ImageObject\",\"inLanguage\":\"pt-PT\",\"@id\":\"https:\/\/upcavado.pt\/#\/schema\/logo\/image\/\",\"url\":\"https:\/\/upcavado.pt\/wp-content\/uploads\/2017\/09\/logo-upcavado.png\",\"contentUrl\":\"https:\/\/upcavado.pt\/wp-content\/uploads\/2017\/09\/logo-upcavado.png\",\"width\":1200,\"height\":413,\"caption\":\"Up C\u00e1vado\"},\"image\":{\"@id\":\"https:\/\/upcavado.pt\/#\/schema\/logo\/image\/\"},\"sameAs\":[\"https:\/\/www.facebook.com\/UPCAVADO\/\"]}]}<\/script>\n<!-- \/ Yoast SEO plugin. -->","yoast_head_json":{"title":"Empreendedorismo - UP C\u00e1vado","description":"Up C\u00e1vado provides a support structure for entrepreneurs\/investors that facilitates access to the tools in the process of undertaking.","robots":{"index":"index","follow":"follow","max-snippet":"max-snippet:-1","max-image-preview":"max-image-preview:large","max-video-preview":"max-video-preview:-1"},"canonical":"https:\/\/upcavado.pt\/?page_id=9","og_locale":"pt_PT","og_type":"article","og_title":"Empreendedorismo - UP C\u00e1vado","og_description":"Up C\u00e1vado provides a support structure for entrepreneurs\/investors that facilitates access to the tools in the process of undertaking.","og_url":"https:\/\/upcavado.pt\/?page_id=9","og_site_name":"UP C\u00e1vado","article_publisher":"https:\/\/www.facebook.com\/UPCAVADO\/","article_modified_time":"2018-09-27T11:56:24+00:00","og_image":[{"width":1440,"height":560,"url":"https:\/\/upcavado.pt\/wp-content\/uploads\/2017\/08\/img-header-empreendedorismo.png","type":"image\/png"}],"twitter_card":"summary_large_image","twitter_misc":{"Tempo estimado de leitura":"1 minuto"},"schema":{"@context":"https:\/\/schema.org","@graph":[{"@type":"WebPage","@id":"https:\/\/upcavado.pt\/?page_id=9","url":"https:\/\/upcavado.pt\/?page_id=9","name":"Empreendedorismo - UP C\u00e1vado","isPartOf":{"@id":"https:\/\/upcavado.pt\/#website"},"primaryImageOfPage":{"@id":"https:\/\/upcavado.pt\/?page_id=9#primaryimage"},"image":{"@id":"https:\/\/upcavado.pt\/?page_id=9#primaryimage"},"thumbnailUrl":"https:\/\/upcavado.pt\/wp-content\/uploads\/2017\/08\/img-header-empreendedorismo.png","datePublished":"2017-08-31T09:55:06+00:00","dateModified":"2018-09-27T11:56:24+00:00","description":"Up C\u00e1vado provides a support structure for entrepreneurs\/investors that facilitates access to the tools in the process of undertaking.","breadcrumb":{"@id":"https:\/\/upcavado.pt\/?page_id=9#breadcrumb"},"inLanguage":"pt-PT","potentialAction":[{"@type":"ReadAction","target":["https:\/\/upcavado.pt\/?page_id=9"]}]},{"@type":"ImageObject","inLanguage":"pt-PT","@id":"https:\/\/upcavado.pt\/?page_id=9#primaryimage","url":"https:\/\/upcavado.pt\/wp-content\/uploads\/2017\/08\/img-header-empreendedorismo.png","contentUrl":"https:\/\/upcavado.pt\/wp-content\/uploads\/2017\/08\/img-header-empreendedorismo.png","width":1440,"height":560},{"@type":"BreadcrumbList","@id":"https:\/\/upcavado.pt\/?page_id=9#breadcrumb","itemListElement":[{"@type":"ListItem","position":1,"name":"In\u00edcio","item":"https:\/\/upcavado.pt\/"},{"@type":"ListItem","position":2,"name":"Empreendedorismo"}]},{"@type":"WebSite","@id":"https:\/\/upcavado.pt\/#website","url":"https:\/\/upcavado.pt\/","name":"UP C\u00e1vado","description":"Novas pontes para a competitividade","publisher":{"@id":"https:\/\/upcavado.pt\/#organization"},"potentialAction":[{"@type":"SearchAction","target":{"@type":"EntryPoint","urlTemplate":"https:\/\/upcavado.pt\/?s={search_term_string}"},"query-input":{"@type":"PropertyValueSpecification","valueRequired":true,"valueName":"search_term_string"}}],"inLanguage":"pt-PT"},{"@type":"Organization","@id":"https:\/\/upcavado.pt\/#organization","name":"Up C\u00e1vado","url":"https:\/\/upcavado.pt\/","logo":{"@type":"ImageObject","inLanguage":"pt-PT","@id":"https:\/\/upcavado.pt\/#\/schema\/logo\/image\/","url":"https:\/\/upcavado.pt\/wp-content\/uploads\/2017\/09\/logo-upcavado.png","contentUrl":"https:\/\/upcavado.pt\/wp-content\/uploads\/2017\/09\/logo-upcavado.png","width":1200,"height":413,"caption":"Up C\u00e1vado"},"image":{"@id":"https:\/\/upcavado.pt\/#\/schema\/logo\/image\/"},"sameAs":["https:\/\/www.facebook.com\/UPCAVADO\/"]}]}},"_links":{"self":[{"href":"https:\/\/upcavado.pt\/index.php?rest_route=\/wp\/v2\/pages\/9","targetHints":{"allow":["GET"]}}],"collection":[{"href":"https:\/\/upcavado.pt\/index.php?rest_route=\/wp\/v2\/pages"}],"about":[{"href":"https:\/\/upcavado.pt\/index.php?rest_route=\/wp\/v2\/types\/page"}],"author":[{"embeddable":true,"href":"https:\/\/upcavado.pt\/index.php?rest_route=\/wp\/v2\/users\/1"}],"replies":[{"embeddable":true,"href":"https:\/\/upcavado.pt\/index.php?rest_route=%2Fwp%2Fv2%2Fcomments&post=9"}],"version-history":[{"count":25,"href":"https:\/\/upcavado.pt\/index.php?rest_route=\/wp\/v2\/pages\/9\/revisions"}],"predecessor-version":[{"id":498,"href":"https:\/\/upcavado.pt\/index.php?rest_route=\/wp\/v2\/pages\/9\/revisions\/498"}],"wp:featuredmedia":[{"embeddable":true,"href":"https:\/\/upcavado.pt\/index.php?rest_route=\/wp\/v2\/media\/70"}],"wp:attachment":[{"href":"https:\/\/upcavado.pt\/index.php?rest_route=%2Fwp%2Fv2%2Fmedia&parent=9"}],"wp:term":[{"taxonomy":"category","embeddable":true,"href":"https:\/\/upcavado.pt\/index.php?rest_route=%2Fwp%2Fv2%2Fcategories&post=9"},{"taxonomy":"post_tag","embeddable":true,"href":"https:\/\/upcavado.pt\/index.php?rest_route=%2Fwp%2Fv2%2Ftags&post=9"}],"curies":[{"name":"wp","href":"https:\/\/api.w.org\/{rel}","templated":true}]}}