{"id":7,"date":"2017-08-31T09:54:41","date_gmt":"2017-08-31T09:54:41","guid":{"rendered":"http:\/\/upcavado.pt\/?page_id=7"},"modified":"2018-07-12T15:59:28","modified_gmt":"2018-07-12T15:59:28","slug":"up-cavado","status":"publish","type":"page","link":"https:\/\/upcavado.pt\/?page_id=7","title":{"rendered":"UP C\u00e1vado"},"content":{"rendered":"<div class=\"row\">\n<div class=\"col-md-12\">\n<div class=\"row\">\n<div class=\"col-md-8 center\">\n<div class=\"intro-text\">Na sua ess\u00eancia, o <strong>UP C\u00e1vado<\/strong> tem como objetivos a mobiliza\u00e7\u00e3o e dinamiza\u00e7\u00e3o do espirito empreendedor; a qualifica\u00e7\u00e3o do tecido empresarial focada no aumento da produtividade; a capacita\u00e7\u00e3o para a internacionaliza\u00e7\u00e3o e o aumento da visibilidade e notoriedade internacional da oferta de bens e servi\u00e7os do territ\u00f3rio.<\/div>\n<div class=\"first-image\"><img loading=\"lazy\" decoding=\"async\" src=\"https:\/\/upcavado.pt\/wp-content\/uploads\/2017\/08\/regi-o-c-vado@2x.png\" alt=\"\" width=\"710\" height=\"341\" \/><\/div>\n<div class=\"main-heading\">\n<h2>Objetivo<\/h2>\n<div class=\"title-separator\"><\/div>\n<\/div>\n<div class=\"second-text\">Promover ac\u0327o\u0303es estruturantes e sustentadas no territo\u0301rio, a partir de um trabalho em rede entre entidades de relevo na regia\u0303o<\/div>\n<\/div>\n<div class=\"col-md-12 empreendedorismo-extra\">\n<div class=\"row\">\n<div class=\"col-md-4 emp-item\">\n<div class=\"emp-item-inner\">\n<div class=\"item-icon\"><img loading=\"lazy\" decoding=\"async\" class=\"align\" src=\"https:\/\/upcavado.pt\/wp-content\/uploads\/2017\/08\/logo-uc-empreendedorismo@2x.png\" alt=\"\" width=\"236\" height=\"84\" \/><\/div>\n<div class=\"item-text\">Promover o espirito empreendedor do territo\u0301rio atrave\u0301s da disponibilizac\u0327a\u0303o de um conjunto de ferramentas, conhecimento e informac\u0327o\u0303es indispensa\u0301vel ao processo de empreender.<\/div>\n<div class=\"item-link\"><a class=\"solid-btn\" href=\"empreendedorismo\">Saber Mais<\/a><\/div>\n<\/div>\n<\/div>\n<div class=\"col-md-4 emp-item\">\n<div class=\"emp-item-inner\">\n<div class=\"item-icon\"><img loading=\"lazy\" decoding=\"async\" class=\"align\" src=\"https:\/\/upcavado.pt\/wp-content\/uploads\/2017\/08\/logo-uc-qualifica@2x.png\" alt=\"\" width=\"236\" height=\"84\" \/><\/div>\n<div class=\"item-text\">Capacitar o tecido empresarial existente atrave\u0301s de ac\u0327o\u0303es de qualificac\u0327a\u0303o focadas no aumento da produtividade e criac\u0327a\u0303o de valor, incidindo nos fatores cri\u0301ticos da competitividade empresarial.<\/div>\n<div class=\"item-link\"><a class=\"solid-btn\" href=\"qualifica\">Saber Mais<\/a><\/div>\n<\/div>\n<\/div>\n<div class=\"col-md-4 emp-item\">\n<div class=\"emp-item-inner\">\n<div class=\"item-icon\"><img loading=\"lazy\" decoding=\"async\" class=\"align\" src=\"https:\/\/upcavado.pt\/wp-content\/uploads\/2017\/08\/logo-uc-global@2x.png\" alt=\"\" width=\"236\" height=\"84\" \/><\/div>\n<div class=\"item-text\">Aumentar a visibilidade e notoriedade internacional da oferta de bens e servic\u0327os produzidos no territo\u0301rio, atrave\u0301s do reforc\u0327o da capacidade competitiva das suas empresas e da sua progressa\u0303o na cadeia de valor.<\/div>\n<div class=\"item-link\"><a class=\"solid-btn\" href=\"global\">Saber Mais<\/a><\/div>\n<\/div>\n<\/div>\n<\/div>\n<\/div>\n<div class=\"col-md-8 center\">\n<div class=\"second-image\"><img decoding=\"async\" src=\"http:\/\/i64.tinypic.com\/xc7k28.png\" alt=\"Image and video hosting by TinyPic\" border=\"0\" \/><\/div>\n<\/div>\n<\/div>\n<\/div>\n<\/div>\n","protected":false},"excerpt":{"rendered":"<p>O Up C\u00e1vado \u00e9 um programa que visa dinamizar o ecossistema empreendedor do territ\u00f3rio, qualificar e refor\u00e7ar a sua capacidade produtiva e aumentar a visibilidade e notoriedade internacional dos seus bens e servi\u00e7os. Bem-vindos!<\/p>\n","protected":false},"author":1,"featured_media":54,"parent":0,"menu_order":0,"comment_status":"closed","ping_status":"closed","template":"page-geral-sem-cabecalho.php","meta":{"_acf_changed":false,"footnotes":""},"categories":[],"tags":[],"class_list":["post-7","page","type-page","status-publish","has-post-thumbnail","hentry"],"acf":[],"yoast_head":"<!-- This site is optimized with the Yoast SEO plugin v26.9 - https:\/\/yoast.com\/product\/yoast-seo-wordpress\/ -->\n<title>UP C\u00e1vado - UP C\u00e1vado<\/title>\n<meta name=\"robots\" content=\"index, follow, max-snippet:-1, max-image-preview:large, max-video-preview:-1\" \/>\n<link rel=\"canonical\" href=\"https:\/\/upcavado.pt\/?page_id=7\" \/>\n<meta property=\"og:locale\" content=\"pt_PT\" \/>\n<meta property=\"og:type\" content=\"article\" \/>\n<meta property=\"og:title\" content=\"UP C\u00e1vado - UP C\u00e1vado\" \/>\n<meta property=\"og:description\" content=\"O Up C\u00e1vado \u00e9 um programa que visa dinamizar o ecossistema empreendedor do territ\u00f3rio, qualificar e refor\u00e7ar a sua capacidade produtiva e aumentar a visibilidade e notoriedade internacional dos seus bens e servi\u00e7os. Bem-vindos!\" \/>\n<meta property=\"og:url\" content=\"https:\/\/upcavado.pt\/?page_id=7\" \/>\n<meta property=\"og:site_name\" content=\"UP C\u00e1vado\" \/>\n<meta property=\"article:publisher\" content=\"https:\/\/www.facebook.com\/UPCAVADO\/\" \/>\n<meta property=\"article:modified_time\" content=\"2018-07-12T15:59:28+00:00\" \/>\n<meta property=\"og:image\" content=\"https:\/\/upcavado.pt\/wp-content\/uploads\/2017\/08\/cim-cavado-parallax-image.png\" \/>\n\t<meta property=\"og:image:width\" content=\"1440\" \/>\n\t<meta property=\"og:image:height\" content=\"658\" \/>\n\t<meta property=\"og:image:type\" content=\"image\/png\" \/>\n<meta name=\"twitter:card\" content=\"summary_large_image\" \/>\n<meta name=\"twitter:label1\" content=\"Tempo estimado de leitura\" \/>\n\t<meta name=\"twitter:data1\" content=\"1 minuto\" \/>\n<script type=\"application\/ld+json\" class=\"yoast-schema-graph\">{\"@context\":\"https:\/\/schema.org\",\"@graph\":[{\"@type\":\"WebPage\",\"@id\":\"https:\/\/upcavado.pt\/?page_id=7\",\"url\":\"https:\/\/upcavado.pt\/?page_id=7\",\"name\":\"UP C\u00e1vado - UP C\u00e1vado\",\"isPartOf\":{\"@id\":\"https:\/\/upcavado.pt\/#website\"},\"primaryImageOfPage\":{\"@id\":\"https:\/\/upcavado.pt\/?page_id=7#primaryimage\"},\"image\":{\"@id\":\"https:\/\/upcavado.pt\/?page_id=7#primaryimage\"},\"thumbnailUrl\":\"https:\/\/upcavado.pt\/wp-content\/uploads\/2017\/08\/cim-cavado-parallax-image.png\",\"datePublished\":\"2017-08-31T09:54:41+00:00\",\"dateModified\":\"2018-07-12T15:59:28+00:00\",\"breadcrumb\":{\"@id\":\"https:\/\/upcavado.pt\/?page_id=7#breadcrumb\"},\"inLanguage\":\"pt-PT\",\"potentialAction\":[{\"@type\":\"ReadAction\",\"target\":[\"https:\/\/upcavado.pt\/?page_id=7\"]}]},{\"@type\":\"ImageObject\",\"inLanguage\":\"pt-PT\",\"@id\":\"https:\/\/upcavado.pt\/?page_id=7#primaryimage\",\"url\":\"https:\/\/upcavado.pt\/wp-content\/uploads\/2017\/08\/cim-cavado-parallax-image.png\",\"contentUrl\":\"https:\/\/upcavado.pt\/wp-content\/uploads\/2017\/08\/cim-cavado-parallax-image.png\",\"width\":1440,\"height\":658},{\"@type\":\"BreadcrumbList\",\"@id\":\"https:\/\/upcavado.pt\/?page_id=7#breadcrumb\",\"itemListElement\":[{\"@type\":\"ListItem\",\"position\":1,\"name\":\"In\u00edcio\",\"item\":\"https:\/\/upcavado.pt\/\"},{\"@type\":\"ListItem\",\"position\":2,\"name\":\"UP C\u00e1vado\"}]},{\"@type\":\"WebSite\",\"@id\":\"https:\/\/upcavado.pt\/#website\",\"url\":\"https:\/\/upcavado.pt\/\",\"name\":\"UP C\u00e1vado\",\"description\":\"Novas pontes para a competitividade\",\"publisher\":{\"@id\":\"https:\/\/upcavado.pt\/#organization\"},\"potentialAction\":[{\"@type\":\"SearchAction\",\"target\":{\"@type\":\"EntryPoint\",\"urlTemplate\":\"https:\/\/upcavado.pt\/?s={search_term_string}\"},\"query-input\":{\"@type\":\"PropertyValueSpecification\",\"valueRequired\":true,\"valueName\":\"search_term_string\"}}],\"inLanguage\":\"pt-PT\"},{\"@type\":\"Organization\",\"@id\":\"https:\/\/upcavado.pt\/#organization\",\"name\":\"Up C\u00e1vado\",\"url\":\"https:\/\/upcavado.pt\/\",\"logo\":{\"@type\":\"ImageObject\",\"inLanguage\":\"pt-PT\",\"@id\":\"https:\/\/upcavado.pt\/#\/schema\/logo\/image\/\",\"url\":\"https:\/\/upcavado.pt\/wp-content\/uploads\/2017\/09\/logo-upcavado.png\",\"contentUrl\":\"https:\/\/upcavado.pt\/wp-content\/uploads\/2017\/09\/logo-upcavado.png\",\"width\":1200,\"height\":413,\"caption\":\"Up C\u00e1vado\"},\"image\":{\"@id\":\"https:\/\/upcavado.pt\/#\/schema\/logo\/image\/\"},\"sameAs\":[\"https:\/\/www.facebook.com\/UPCAVADO\/\"]}]}<\/script>\n<!-- \/ Yoast SEO plugin. -->","yoast_head_json":{"title":"UP C\u00e1vado - UP C\u00e1vado","robots":{"index":"index","follow":"follow","max-snippet":"max-snippet:-1","max-image-preview":"max-image-preview:large","max-video-preview":"max-video-preview:-1"},"canonical":"https:\/\/upcavado.pt\/?page_id=7","og_locale":"pt_PT","og_type":"article","og_title":"UP C\u00e1vado - UP C\u00e1vado","og_description":"O Up C\u00e1vado \u00e9 um programa que visa dinamizar o ecossistema empreendedor do territ\u00f3rio, qualificar e refor\u00e7ar a sua capacidade produtiva e aumentar a visibilidade e notoriedade internacional dos seus bens e servi\u00e7os. Bem-vindos!","og_url":"https:\/\/upcavado.pt\/?page_id=7","og_site_name":"UP C\u00e1vado","article_publisher":"https:\/\/www.facebook.com\/UPCAVADO\/","article_modified_time":"2018-07-12T15:59:28+00:00","og_image":[{"width":1440,"height":658,"url":"https:\/\/upcavado.pt\/wp-content\/uploads\/2017\/08\/cim-cavado-parallax-image.png","type":"image\/png"}],"twitter_card":"summary_large_image","twitter_misc":{"Tempo estimado de leitura":"1 minuto"},"schema":{"@context":"https:\/\/schema.org","@graph":[{"@type":"WebPage","@id":"https:\/\/upcavado.pt\/?page_id=7","url":"https:\/\/upcavado.pt\/?page_id=7","name":"UP C\u00e1vado - UP C\u00e1vado","isPartOf":{"@id":"https:\/\/upcavado.pt\/#website"},"primaryImageOfPage":{"@id":"https:\/\/upcavado.pt\/?page_id=7#primaryimage"},"image":{"@id":"https:\/\/upcavado.pt\/?page_id=7#primaryimage"},"thumbnailUrl":"https:\/\/upcavado.pt\/wp-content\/uploads\/2017\/08\/cim-cavado-parallax-image.png","datePublished":"2017-08-31T09:54:41+00:00","dateModified":"2018-07-12T15:59:28+00:00","breadcrumb":{"@id":"https:\/\/upcavado.pt\/?page_id=7#breadcrumb"},"inLanguage":"pt-PT","potentialAction":[{"@type":"ReadAction","target":["https:\/\/upcavado.pt\/?page_id=7"]}]},{"@type":"ImageObject","inLanguage":"pt-PT","@id":"https:\/\/upcavado.pt\/?page_id=7#primaryimage","url":"https:\/\/upcavado.pt\/wp-content\/uploads\/2017\/08\/cim-cavado-parallax-image.png","contentUrl":"https:\/\/upcavado.pt\/wp-content\/uploads\/2017\/08\/cim-cavado-parallax-image.png","width":1440,"height":658},{"@type":"BreadcrumbList","@id":"https:\/\/upcavado.pt\/?page_id=7#breadcrumb","itemListElement":[{"@type":"ListItem","position":1,"name":"In\u00edcio","item":"https:\/\/upcavado.pt\/"},{"@type":"ListItem","position":2,"name":"UP C\u00e1vado"}]},{"@type":"WebSite","@id":"https:\/\/upcavado.pt\/#website","url":"https:\/\/upcavado.pt\/","name":"UP C\u00e1vado","description":"Novas pontes para a competitividade","publisher":{"@id":"https:\/\/upcavado.pt\/#organization"},"potentialAction":[{"@type":"SearchAction","target":{"@type":"EntryPoint","urlTemplate":"https:\/\/upcavado.pt\/?s={search_term_string}"},"query-input":{"@type":"PropertyValueSpecification","valueRequired":true,"valueName":"search_term_string"}}],"inLanguage":"pt-PT"},{"@type":"Organization","@id":"https:\/\/upcavado.pt\/#organization","name":"Up C\u00e1vado","url":"https:\/\/upcavado.pt\/","logo":{"@type":"ImageObject","inLanguage":"pt-PT","@id":"https:\/\/upcavado.pt\/#\/schema\/logo\/image\/","url":"https:\/\/upcavado.pt\/wp-content\/uploads\/2017\/09\/logo-upcavado.png","contentUrl":"https:\/\/upcavado.pt\/wp-content\/uploads\/2017\/09\/logo-upcavado.png","width":1200,"height":413,"caption":"Up C\u00e1vado"},"image":{"@id":"https:\/\/upcavado.pt\/#\/schema\/logo\/image\/"},"sameAs":["https:\/\/www.facebook.com\/UPCAVADO\/"]}]}},"_links":{"self":[{"href":"https:\/\/upcavado.pt\/index.php?rest_route=\/wp\/v2\/pages\/7","targetHints":{"allow":["GET"]}}],"collection":[{"href":"https:\/\/upcavado.pt\/index.php?rest_route=\/wp\/v2\/pages"}],"about":[{"href":"https:\/\/upcavado.pt\/index.php?rest_route=\/wp\/v2\/types\/page"}],"author":[{"embeddable":true,"href":"https:\/\/upcavado.pt\/index.php?rest_route=\/wp\/v2\/users\/1"}],"replies":[{"embeddable":true,"href":"https:\/\/upcavado.pt\/index.php?rest_route=%2Fwp%2Fv2%2Fcomments&post=7"}],"version-history":[{"count":22,"href":"https:\/\/upcavado.pt\/index.php?rest_route=\/wp\/v2\/pages\/7\/revisions"}],"predecessor-version":[{"id":457,"href":"https:\/\/upcavado.pt\/index.php?rest_route=\/wp\/v2\/pages\/7\/revisions\/457"}],"wp:featuredmedia":[{"embeddable":true,"href":"https:\/\/upcavado.pt\/index.php?rest_route=\/wp\/v2\/media\/54"}],"wp:attachment":[{"href":"https:\/\/upcavado.pt\/index.php?rest_route=%2Fwp%2Fv2%2Fmedia&parent=7"}],"wp:term":[{"taxonomy":"category","embeddable":true,"href":"https:\/\/upcavado.pt\/index.php?rest_route=%2Fwp%2Fv2%2Fcategories&post=7"},{"taxonomy":"post_tag","embeddable":true,"href":"https:\/\/upcavado.pt\/index.php?rest_route=%2Fwp%2Fv2%2Ftags&post=7"}],"curies":[{"name":"wp","href":"https:\/\/api.w.org\/{rel}","templated":true}]}}