{"id":52,"date":"2017-09-01T13:35:32","date_gmt":"2017-09-01T13:35:32","guid":{"rendered":"http:\/\/upcavado.pt\/?page_id=52"},"modified":"2017-09-12T15:33:57","modified_gmt":"2017-09-12T15:33:57","slug":"cim-cavado-2","status":"publish","type":"page","link":"https:\/\/upcavado.pt\/?page_id=52&lang=en","title":{"rendered":"CIM C\u00c1VADO"},"content":{"rendered":"<div class=\"col-md-12\">\n<div class=\"row\">\n<div class=\"col-md-8 center\">\n<div class=\"main-heading\">\n<h2>About CIM C\u00c1VADO<\/h2>\n<div class=\"title-separator\"><\/div>\n<\/div>\n<div id=\"main-text\">\n<p>The Comunidade Intermunicipal do C\u00e1vado constitutes the NUT III of C\u00e1vado, and encompasses the counties of Amares, Braga, Barcelos, Esposende, Terras de Bouro and Vila Verde. CIM C\u00e1vado results from the new legal framework established by Law 45\/2008 of August 27, and was constituted by a public deed granted on October 30, 2008.<\/p>\n<p>The NUT is structured by the C\u00e1vado River basin and develops in the Southeast and Northeast, bordering the sea and Spain. It is a heterogeneous territory, integrating very rural counties along the sea, to very rural counties of mountain near the border, passing through very urban and dense counties like Braga. With a total area of 1245.8 km2 and 265 parishes, in 2001 it comprised a resident population of about 393 thousand people. This association captures its interests mainly in the territorial development of the region of the C\u00e1vado Valley.<\/p>\n<p>CIM C\u00e1vado aims to combine, promote and articulate common interests to the associated municipalities, in the area of community outreach services, and municipal investments at the level of:<\/p>\n<ul class=\"cim-list\">\n<li style=\"list-style-type: none\">\n<ul class=\"cim-list\">\n<li>Promotion of the planning and management of the economic, social and environmental development strategy of the territory concerned;<\/li>\n<li>Articulation of municipal investments of intermunicipal interest;<\/li>\n<\/ul>\n<\/li>\n<\/ul>\n<p>Participation in the management of programs to support regional development, namely within the framework of the Quadro de Refer\u00eancia Estrat\u00e9gico Nacional (QREN);<\/p>\n<ul>\n<li>Planning of the actions of public entities, of supra-municipal character.<\/li>\n<\/ul>\n<p>&nbsp;<\/p>\n<h3 class=\"partners\">Parceiros<\/h3>\n<div class=\"row\">\n<ul class=\"cim-partners\">\n<li><img loading=\"lazy\" decoding=\"async\" class=\"alignnone size-full wp-image-137\" src=\"https:\/\/upcavado.pt\/wp-content\/uploads\/2017\/09\/logo-aec@2x.png\" alt=\"\" width=\"117\" height=\"56\" \/><\/li>\n<li><img loading=\"lazy\" decoding=\"async\" class=\"alignnone size-medium wp-image-138\" src=\"https:\/\/upcavado.pt\/wp-content\/uploads\/2017\/09\/logo-aitc@2x.png\" alt=\"\" width=\"117\" height=\"56\" \/><\/li>\n<li><img loading=\"lazy\" decoding=\"async\" class=\"alignnone size-medium wp-image-139\" src=\"https:\/\/upcavado.pt\/wp-content\/uploads\/2017\/09\/aqua-cavado@2x.png\" alt=\"\" width=\"117\" height=\"56\" \/><\/li>\n<li><img loading=\"lazy\" decoding=\"async\" class=\"alignnone size-medium wp-image-140\" src=\"https:\/\/upcavado.pt\/wp-content\/uploads\/2017\/09\/logo-cccc@2x.png\" alt=\"\" width=\"117\" height=\"56\" \/><\/li>\n<li><img loading=\"lazy\" decoding=\"async\" class=\"alignnone size-medium wp-image-141\" src=\"https:\/\/upcavado.pt\/wp-content\/uploads\/2017\/09\/logo-minho-in@2x.png\" alt=\"\" width=\"117\" height=\"56\" \/><\/li>\n<li><img loading=\"lazy\" decoding=\"async\" class=\"alignnone size-medium wp-image-142\" src=\"https:\/\/upcavado.pt\/wp-content\/uploads\/2017\/09\/logo-cavado-lima@2x.png\" alt=\"\" width=\"117\" height=\"56\" \/><\/li>\n<li><img loading=\"lazy\" decoding=\"async\" class=\"alignnone size-full wp-image-146\" src=\"https:\/\/upcavado.pt\/wp-content\/uploads\/2017\/09\/logo-norte-2020@2x.png\" alt=\"\" width=\"117\" height=\"56\" \/><\/li>\n<\/ul>\n<\/div>\n<div class=\"button-container\"><a class=\"solid-btn\" href=\"http:\/\/www.cimcavado.pt\/\" target=\"_blank\" rel=\"noopener\">Go to the website<img decoding=\"async\" class=\"btn-img\" src=\"https:\/\/upcavado.pt\/wp-content\/themes\/upcavado\/img\/arrow-right-circle@2x.png\" width=\"28px\" height=\"18px\" \/><\/a><\/div>\n<\/div>\n<\/div>\n<\/div>\n<\/div>\n","protected":false},"excerpt":{"rendered":"<p>The Intercommunity Community of C\u00e1vado is the 3rd NUT of C\u00e1vado. Its aim is to combine, promote and articulate common interests to the associated municipalities, in the area of community outreach services, and municipal investments at different levels.<\/p>\n","protected":false},"author":1,"featured_media":55,"parent":0,"menu_order":0,"comment_status":"closed","ping_status":"closed","template":"page-geral-cabecalho.php","meta":{"_acf_changed":false,"footnotes":""},"categories":[],"tags":[],"class_list":["post-52","page","type-page","status-publish","has-post-thumbnail","hentry"],"acf":[],"yoast_head":"<!-- This site is optimized with the Yoast SEO plugin v26.9 - https:\/\/yoast.com\/product\/yoast-seo-wordpress\/ -->\n<title>CIM C\u00c1VADO - UP C\u00e1vado<\/title>\n<meta name=\"robots\" content=\"index, follow, max-snippet:-1, max-image-preview:large, max-video-preview:-1\" \/>\n<link rel=\"canonical\" href=\"https:\/\/upcavado.pt\/?page_id=52&lang=en\" \/>\n<meta property=\"og:locale\" content=\"pt_PT\" \/>\n<meta property=\"og:type\" content=\"article\" \/>\n<meta property=\"og:title\" content=\"CIM C\u00c1VADO - UP C\u00e1vado\" \/>\n<meta property=\"og:description\" content=\"The Intercommunity Community of C\u00e1vado is the 3rd NUT of C\u00e1vado. Its aim is to combine, promote and articulate common interests to the associated municipalities, in the area of community outreach services, and municipal investments at different levels.\" \/>\n<meta property=\"og:url\" content=\"https:\/\/upcavado.pt\/?page_id=52&amp;lang=en\" \/>\n<meta property=\"og:site_name\" content=\"UP C\u00e1vado\" \/>\n<meta property=\"article:publisher\" content=\"https:\/\/www.facebook.com\/UPCAVADO\/\" \/>\n<meta property=\"article:modified_time\" content=\"2017-09-12T15:33:57+00:00\" \/>\n<meta property=\"og:image\" content=\"https:\/\/upcavado.pt\/wp-content\/uploads\/2017\/09\/cim-cavado-parallax-image.png\" \/>\n\t<meta property=\"og:image:width\" content=\"1440\" \/>\n\t<meta property=\"og:image:height\" content=\"658\" \/>\n\t<meta property=\"og:image:type\" content=\"image\/png\" \/>\n<meta name=\"twitter:card\" content=\"summary_large_image\" \/>\n<meta name=\"twitter:label1\" content=\"Tempo estimado de leitura\" \/>\n\t<meta name=\"twitter:data1\" content=\"1 minuto\" \/>\n<script type=\"application\/ld+json\" class=\"yoast-schema-graph\">{\"@context\":\"https:\/\/schema.org\",\"@graph\":[{\"@type\":\"WebPage\",\"@id\":\"https:\/\/upcavado.pt\/?page_id=52&lang=en\",\"url\":\"https:\/\/upcavado.pt\/?page_id=52&lang=en\",\"name\":\"CIM C\u00c1VADO - UP C\u00e1vado\",\"isPartOf\":{\"@id\":\"https:\/\/upcavado.pt\/#website\"},\"primaryImageOfPage\":{\"@id\":\"https:\/\/upcavado.pt\/?page_id=52&lang=en#primaryimage\"},\"image\":{\"@id\":\"https:\/\/upcavado.pt\/?page_id=52&lang=en#primaryimage\"},\"thumbnailUrl\":\"https:\/\/upcavado.pt\/wp-content\/uploads\/2017\/09\/cim-cavado-parallax-image.png\",\"datePublished\":\"2017-09-01T13:35:32+00:00\",\"dateModified\":\"2017-09-12T15:33:57+00:00\",\"breadcrumb\":{\"@id\":\"https:\/\/upcavado.pt\/?page_id=52&lang=en#breadcrumb\"},\"inLanguage\":\"pt-PT\",\"potentialAction\":[{\"@type\":\"ReadAction\",\"target\":[\"https:\/\/upcavado.pt\/?page_id=52&lang=en\"]}]},{\"@type\":\"ImageObject\",\"inLanguage\":\"pt-PT\",\"@id\":\"https:\/\/upcavado.pt\/?page_id=52&lang=en#primaryimage\",\"url\":\"https:\/\/upcavado.pt\/wp-content\/uploads\/2017\/09\/cim-cavado-parallax-image.png\",\"contentUrl\":\"https:\/\/upcavado.pt\/wp-content\/uploads\/2017\/09\/cim-cavado-parallax-image.png\",\"width\":1440,\"height\":658},{\"@type\":\"BreadcrumbList\",\"@id\":\"https:\/\/upcavado.pt\/?page_id=52&lang=en#breadcrumb\",\"itemListElement\":[{\"@type\":\"ListItem\",\"position\":1,\"name\":\"In\u00edcio\",\"item\":\"https:\/\/upcavado.pt\/\"},{\"@type\":\"ListItem\",\"position\":2,\"name\":\"CIM C\u00c1VADO\"}]},{\"@type\":\"WebSite\",\"@id\":\"https:\/\/upcavado.pt\/#website\",\"url\":\"https:\/\/upcavado.pt\/\",\"name\":\"UP C\u00e1vado\",\"description\":\"Novas pontes para a competitividade\",\"publisher\":{\"@id\":\"https:\/\/upcavado.pt\/#organization\"},\"potentialAction\":[{\"@type\":\"SearchAction\",\"target\":{\"@type\":\"EntryPoint\",\"urlTemplate\":\"https:\/\/upcavado.pt\/?s={search_term_string}\"},\"query-input\":{\"@type\":\"PropertyValueSpecification\",\"valueRequired\":true,\"valueName\":\"search_term_string\"}}],\"inLanguage\":\"pt-PT\"},{\"@type\":\"Organization\",\"@id\":\"https:\/\/upcavado.pt\/#organization\",\"name\":\"Up C\u00e1vado\",\"url\":\"https:\/\/upcavado.pt\/\",\"logo\":{\"@type\":\"ImageObject\",\"inLanguage\":\"pt-PT\",\"@id\":\"https:\/\/upcavado.pt\/#\/schema\/logo\/image\/\",\"url\":\"https:\/\/upcavado.pt\/wp-content\/uploads\/2017\/09\/logo-upcavado.png\",\"contentUrl\":\"https:\/\/upcavado.pt\/wp-content\/uploads\/2017\/09\/logo-upcavado.png\",\"width\":1200,\"height\":413,\"caption\":\"Up C\u00e1vado\"},\"image\":{\"@id\":\"https:\/\/upcavado.pt\/#\/schema\/logo\/image\/\"},\"sameAs\":[\"https:\/\/www.facebook.com\/UPCAVADO\/\"]}]}<\/script>\n<!-- \/ Yoast SEO plugin. -->","yoast_head_json":{"title":"CIM C\u00c1VADO - UP C\u00e1vado","robots":{"index":"index","follow":"follow","max-snippet":"max-snippet:-1","max-image-preview":"max-image-preview:large","max-video-preview":"max-video-preview:-1"},"canonical":"https:\/\/upcavado.pt\/?page_id=52&lang=en","og_locale":"pt_PT","og_type":"article","og_title":"CIM C\u00c1VADO - UP C\u00e1vado","og_description":"The Intercommunity Community of C\u00e1vado is the 3rd NUT of C\u00e1vado. Its aim is to combine, promote and articulate common interests to the associated municipalities, in the area of community outreach services, and municipal investments at different levels.","og_url":"https:\/\/upcavado.pt\/?page_id=52&lang=en","og_site_name":"UP C\u00e1vado","article_publisher":"https:\/\/www.facebook.com\/UPCAVADO\/","article_modified_time":"2017-09-12T15:33:57+00:00","og_image":[{"width":1440,"height":658,"url":"https:\/\/upcavado.pt\/wp-content\/uploads\/2017\/09\/cim-cavado-parallax-image.png","type":"image\/png"}],"twitter_card":"summary_large_image","twitter_misc":{"Tempo estimado de leitura":"1 minuto"},"schema":{"@context":"https:\/\/schema.org","@graph":[{"@type":"WebPage","@id":"https:\/\/upcavado.pt\/?page_id=52&lang=en","url":"https:\/\/upcavado.pt\/?page_id=52&lang=en","name":"CIM C\u00c1VADO - UP C\u00e1vado","isPartOf":{"@id":"https:\/\/upcavado.pt\/#website"},"primaryImageOfPage":{"@id":"https:\/\/upcavado.pt\/?page_id=52&lang=en#primaryimage"},"image":{"@id":"https:\/\/upcavado.pt\/?page_id=52&lang=en#primaryimage"},"thumbnailUrl":"https:\/\/upcavado.pt\/wp-content\/uploads\/2017\/09\/cim-cavado-parallax-image.png","datePublished":"2017-09-01T13:35:32+00:00","dateModified":"2017-09-12T15:33:57+00:00","breadcrumb":{"@id":"https:\/\/upcavado.pt\/?page_id=52&lang=en#breadcrumb"},"inLanguage":"pt-PT","potentialAction":[{"@type":"ReadAction","target":["https:\/\/upcavado.pt\/?page_id=52&lang=en"]}]},{"@type":"ImageObject","inLanguage":"pt-PT","@id":"https:\/\/upcavado.pt\/?page_id=52&lang=en#primaryimage","url":"https:\/\/upcavado.pt\/wp-content\/uploads\/2017\/09\/cim-cavado-parallax-image.png","contentUrl":"https:\/\/upcavado.pt\/wp-content\/uploads\/2017\/09\/cim-cavado-parallax-image.png","width":1440,"height":658},{"@type":"BreadcrumbList","@id":"https:\/\/upcavado.pt\/?page_id=52&lang=en#breadcrumb","itemListElement":[{"@type":"ListItem","position":1,"name":"In\u00edcio","item":"https:\/\/upcavado.pt\/"},{"@type":"ListItem","position":2,"name":"CIM C\u00c1VADO"}]},{"@type":"WebSite","@id":"https:\/\/upcavado.pt\/#website","url":"https:\/\/upcavado.pt\/","name":"UP C\u00e1vado","description":"Novas pontes para a competitividade","publisher":{"@id":"https:\/\/upcavado.pt\/#organization"},"potentialAction":[{"@type":"SearchAction","target":{"@type":"EntryPoint","urlTemplate":"https:\/\/upcavado.pt\/?s={search_term_string}"},"query-input":{"@type":"PropertyValueSpecification","valueRequired":true,"valueName":"search_term_string"}}],"inLanguage":"pt-PT"},{"@type":"Organization","@id":"https:\/\/upcavado.pt\/#organization","name":"Up C\u00e1vado","url":"https:\/\/upcavado.pt\/","logo":{"@type":"ImageObject","inLanguage":"pt-PT","@id":"https:\/\/upcavado.pt\/#\/schema\/logo\/image\/","url":"https:\/\/upcavado.pt\/wp-content\/uploads\/2017\/09\/logo-upcavado.png","contentUrl":"https:\/\/upcavado.pt\/wp-content\/uploads\/2017\/09\/logo-upcavado.png","width":1200,"height":413,"caption":"Up C\u00e1vado"},"image":{"@id":"https:\/\/upcavado.pt\/#\/schema\/logo\/image\/"},"sameAs":["https:\/\/www.facebook.com\/UPCAVADO\/"]}]}},"_links":{"self":[{"href":"https:\/\/upcavado.pt\/index.php?rest_route=\/wp\/v2\/pages\/52","targetHints":{"allow":["GET"]}}],"collection":[{"href":"https:\/\/upcavado.pt\/index.php?rest_route=\/wp\/v2\/pages"}],"about":[{"href":"https:\/\/upcavado.pt\/index.php?rest_route=\/wp\/v2\/types\/page"}],"author":[{"embeddable":true,"href":"https:\/\/upcavado.pt\/index.php?rest_route=\/wp\/v2\/users\/1"}],"replies":[{"embeddable":true,"href":"https:\/\/upcavado.pt\/index.php?rest_route=%2Fwp%2Fv2%2Fcomments&post=52"}],"version-history":[{"count":6,"href":"https:\/\/upcavado.pt\/index.php?rest_route=\/wp\/v2\/pages\/52\/revisions"}],"predecessor-version":[{"id":338,"href":"https:\/\/upcavado.pt\/index.php?rest_route=\/wp\/v2\/pages\/52\/revisions\/338"}],"wp:featuredmedia":[{"embeddable":true,"href":"https:\/\/upcavado.pt\/index.php?rest_route=\/wp\/v2\/media\/55"}],"wp:attachment":[{"href":"https:\/\/upcavado.pt\/index.php?rest_route=%2Fwp%2Fv2%2Fmedia&parent=52"}],"wp:term":[{"taxonomy":"category","embeddable":true,"href":"https:\/\/upcavado.pt\/index.php?rest_route=%2Fwp%2Fv2%2Fcategories&post=52"},{"taxonomy":"post_tag","embeddable":true,"href":"https:\/\/upcavado.pt\/index.php?rest_route=%2Fwp%2Fv2%2Ftags&post=52"}],"curies":[{"name":"wp","href":"https:\/\/api.w.org\/{rel}","templated":true}]}}