{"id":50,"date":"2017-09-01T13:35:05","date_gmt":"2017-09-01T13:35:05","guid":{"rendered":"http:\/\/upcavado.pt\/?page_id=50"},"modified":"2017-09-12T09:50:04","modified_gmt":"2017-09-12T09:50:04","slug":"cim-cavado","status":"publish","type":"page","link":"https:\/\/upcavado.pt\/?page_id=50","title":{"rendered":"CIM C\u00e1vado"},"content":{"rendered":"<div class=\"col-md-12\">\n<div class=\"row\">\n<div class=\"col-md-8 center\">\n<div class=\"main-heading\">\n<h2>Sobre a CIM C\u00c1VADO<\/h2>\n<div class=\"title-separator\"><span class=\"separator-inner\"><\/span><\/div>\n<\/div>\n<div id=\"main-text\">\n<p>A Comunidade Intermunicipal do C\u00e1vado constitui a NUT III do C\u00e1vado, e engloba os concelhos de Amares, Braga, Barcelos, Esposende, Terras de Bouro e Vila Verde. A CIM do C\u00e1vado resulta do novo enquadramento legal determinado pela Lei 45\/2008 de 27 de Agosto, tendo sido constitu\u00edda por escritura p\u00fablica outorgada em 30 de Outubro de 2008.<\/p>\n<p>A NUT \u00e9 estruturada pela bacia do Rio C\u00e1vado e desenvolve-se no sentido Sudoeste e Nordeste, confinando com o mar e com Espanha. \u00c9 um territ\u00f3rio heterog\u00e9neo, integrando concelhos muito rurais junto ao mar, at\u00e9 concelhos muito rurais de montanha junto \u00e0 fronteira, passando por concelhos muito urbanos e densos como Braga. Com uma \u00e1rea total de 1245,8 Km2 e 265 freguesias, compreendia em 2001 uma popula\u00e7\u00e3o residente de cerca de 393 mil pessoas. Esta associa\u00e7\u00e3o prende os seus interesses sobretudo no desenvolvimento territorial da regi\u00e3o do Vale do C\u00e1vado.<\/p>\n<p>A CIM do C\u00e1vado tem por objectivo conjugar, promover e articular interesses comuns aos munic\u00edpios associados, na \u00e1rea dos servi\u00e7os colectivos de proximidade, e dos investimentos municipais ao n\u00edvel de:<\/p>\n<ul class=\"cim-list\">\n<li>Promo\u00e7\u00e3o do planeamento e da gest\u00e3o da estrat\u00e9gia de desenvolvimento econ\u00f3mico, social e ambiental do territ\u00f3rio abrangido;<\/li>\n<li>Articula\u00e7\u00e3o dos investimentos municipais de interesse intermunicipal;<\/li>\n<p>Participa\u00e7\u00e3o na gest\u00e3o de programas de apoio ao desenvolvimento regional, designadamente no \u00e2mbito do Quadro de Refer\u00eancia Estrat\u00e9gico Nacional \u2013 QREN;<\/li>\n<li>Planeamento das actua\u00e7\u00f5es de entidades p\u00fablicas, de car\u00e1cter supramunicipal.<\/li>\n<\/ul>\n<h3 class=\"partners\">Parceiros<\/h3>\n<div class=\"row\">\n<ul class=\"cim-partners\">\n<li><img loading=\"lazy\" decoding=\"async\" src=\"https:\/\/upcavado.pt\/wp-content\/uploads\/2017\/09\/logo-aec@2x.png\" alt=\"\" width=\"117\" height=\"56\" class=\"alignnone size-full wp-image-137\" \/><\/li>\n<li><img loading=\"lazy\" decoding=\"async\" src=\"https:\/\/upcavado.pt\/wp-content\/uploads\/2017\/09\/logo-aitc@2x.png\" alt=\"\" width=\"117\" height=\"56\" class=\"alignnone size-medium wp-image-138\" \/><\/li>\n<li><img loading=\"lazy\" decoding=\"async\" src=\"https:\/\/upcavado.pt\/wp-content\/uploads\/2017\/09\/aqua-cavado@2x.png\" alt=\"\" width=\"117\" height=\"56\" class=\"alignnone size-medium wp-image-139\" \/><\/li>\n<li><img loading=\"lazy\" decoding=\"async\" src=\"https:\/\/upcavado.pt\/wp-content\/uploads\/2017\/09\/logo-cccc@2x.png\" alt=\"\" width=\"117\" height=\"56\" class=\"alignnone size-medium wp-image-140\" \/><\/li>\n<li><img loading=\"lazy\" decoding=\"async\" src=\"https:\/\/upcavado.pt\/wp-content\/uploads\/2017\/09\/logo-minho-in@2x.png\" alt=\"\" width=\"117\" height=\"56\" class=\"alignnone size-medium wp-image-141\" \/><\/li>\n<li><img loading=\"lazy\" decoding=\"async\" src=\"https:\/\/upcavado.pt\/wp-content\/uploads\/2017\/09\/logo-cavado-lima@2x.png\" alt=\"\" width=\"117\" height=\"56\" class=\"alignnone size-medium wp-image-142\" \/><\/li>\n<li><img loading=\"lazy\" decoding=\"async\" src=\"https:\/\/upcavado.pt\/wp-content\/uploads\/2017\/09\/logo-norte-2020@2x.png\" alt=\"\" width=\"117\" height=\"56\" class=\"alignnone size-full wp-image-146\" \/><\/li>\n<\/ul>\n<\/div>\n<div class=\"button-container\">\n<a class=\"solid-btn\" target=\"_blank\" href=\"http:\/\/www.cimcavado.pt\/\">Ir para o site<img decoding=\"async\" class=\"btn-img\" src=\"https:\/\/upcavado.pt\/wp-content\/themes\/upcavado\/img\/arrow-right-circle@2x.png\" width=\"28px\" height=\"18px\"><\/a>\n<\/div>\n<\/div>\n<\/div>\n<\/div>\n<\/div>\n","protected":false},"excerpt":{"rendered":"<p>A Comunidade Intermunicipal do C\u00e1vado constitui a NUT III do C\u00e1vado. Tem por objectivo conjugar, promover e articular interesses comuns aos munic\u00edpios associados, na \u00e1rea dos servi\u00e7os colectivos de proximidade, e dos diferentes investimentos municipais.<\/p>\n","protected":false},"author":1,"featured_media":54,"parent":0,"menu_order":0,"comment_status":"closed","ping_status":"closed","template":"page-geral-cabecalho.php","meta":{"_acf_changed":false,"footnotes":""},"categories":[],"tags":[],"class_list":["post-50","page","type-page","status-publish","has-post-thumbnail","hentry"],"acf":[],"yoast_head":"<!-- This site is optimized with the Yoast SEO plugin v26.9 - https:\/\/yoast.com\/product\/yoast-seo-wordpress\/ -->\n<title>CIM C\u00e1vado - UP C\u00e1vado<\/title>\n<meta name=\"robots\" content=\"index, follow, max-snippet:-1, max-image-preview:large, max-video-preview:-1\" \/>\n<link rel=\"canonical\" href=\"https:\/\/upcavado.pt\/?page_id=50\" \/>\n<meta property=\"og:locale\" content=\"pt_PT\" \/>\n<meta property=\"og:type\" content=\"article\" \/>\n<meta property=\"og:title\" content=\"CIM C\u00e1vado - UP C\u00e1vado\" \/>\n<meta property=\"og:description\" content=\"A Comunidade Intermunicipal do C\u00e1vado constitui a NUT III do C\u00e1vado. Tem por objectivo conjugar, promover e articular interesses comuns aos munic\u00edpios associados, na \u00e1rea dos servi\u00e7os colectivos de proximidade, e dos diferentes investimentos municipais.\" \/>\n<meta property=\"og:url\" content=\"https:\/\/upcavado.pt\/?page_id=50\" \/>\n<meta property=\"og:site_name\" content=\"UP C\u00e1vado\" \/>\n<meta property=\"article:publisher\" content=\"https:\/\/www.facebook.com\/UPCAVADO\/\" \/>\n<meta property=\"article:modified_time\" content=\"2017-09-12T09:50:04+00:00\" \/>\n<meta property=\"og:image\" content=\"https:\/\/upcavado.pt\/wp-content\/uploads\/2017\/08\/cim-cavado-parallax-image.png\" \/>\n\t<meta property=\"og:image:width\" content=\"1440\" \/>\n\t<meta property=\"og:image:height\" content=\"658\" \/>\n\t<meta property=\"og:image:type\" content=\"image\/png\" \/>\n<meta name=\"twitter:card\" content=\"summary_large_image\" \/>\n<meta name=\"twitter:label1\" content=\"Tempo estimado de leitura\" \/>\n\t<meta name=\"twitter:data1\" content=\"1 minuto\" \/>\n<script type=\"application\/ld+json\" class=\"yoast-schema-graph\">{\"@context\":\"https:\/\/schema.org\",\"@graph\":[{\"@type\":\"WebPage\",\"@id\":\"https:\/\/upcavado.pt\/?page_id=50\",\"url\":\"https:\/\/upcavado.pt\/?page_id=50\",\"name\":\"CIM C\u00e1vado - UP C\u00e1vado\",\"isPartOf\":{\"@id\":\"https:\/\/upcavado.pt\/#website\"},\"primaryImageOfPage\":{\"@id\":\"https:\/\/upcavado.pt\/?page_id=50#primaryimage\"},\"image\":{\"@id\":\"https:\/\/upcavado.pt\/?page_id=50#primaryimage\"},\"thumbnailUrl\":\"https:\/\/upcavado.pt\/wp-content\/uploads\/2017\/08\/cim-cavado-parallax-image.png\",\"datePublished\":\"2017-09-01T13:35:05+00:00\",\"dateModified\":\"2017-09-12T09:50:04+00:00\",\"breadcrumb\":{\"@id\":\"https:\/\/upcavado.pt\/?page_id=50#breadcrumb\"},\"inLanguage\":\"pt-PT\",\"potentialAction\":[{\"@type\":\"ReadAction\",\"target\":[\"https:\/\/upcavado.pt\/?page_id=50\"]}]},{\"@type\":\"ImageObject\",\"inLanguage\":\"pt-PT\",\"@id\":\"https:\/\/upcavado.pt\/?page_id=50#primaryimage\",\"url\":\"https:\/\/upcavado.pt\/wp-content\/uploads\/2017\/08\/cim-cavado-parallax-image.png\",\"contentUrl\":\"https:\/\/upcavado.pt\/wp-content\/uploads\/2017\/08\/cim-cavado-parallax-image.png\",\"width\":1440,\"height\":658},{\"@type\":\"BreadcrumbList\",\"@id\":\"https:\/\/upcavado.pt\/?page_id=50#breadcrumb\",\"itemListElement\":[{\"@type\":\"ListItem\",\"position\":1,\"name\":\"In\u00edcio\",\"item\":\"https:\/\/upcavado.pt\/\"},{\"@type\":\"ListItem\",\"position\":2,\"name\":\"CIM C\u00e1vado\"}]},{\"@type\":\"WebSite\",\"@id\":\"https:\/\/upcavado.pt\/#website\",\"url\":\"https:\/\/upcavado.pt\/\",\"name\":\"UP C\u00e1vado\",\"description\":\"Novas pontes para a competitividade\",\"publisher\":{\"@id\":\"https:\/\/upcavado.pt\/#organization\"},\"potentialAction\":[{\"@type\":\"SearchAction\",\"target\":{\"@type\":\"EntryPoint\",\"urlTemplate\":\"https:\/\/upcavado.pt\/?s={search_term_string}\"},\"query-input\":{\"@type\":\"PropertyValueSpecification\",\"valueRequired\":true,\"valueName\":\"search_term_string\"}}],\"inLanguage\":\"pt-PT\"},{\"@type\":\"Organization\",\"@id\":\"https:\/\/upcavado.pt\/#organization\",\"name\":\"Up C\u00e1vado\",\"url\":\"https:\/\/upcavado.pt\/\",\"logo\":{\"@type\":\"ImageObject\",\"inLanguage\":\"pt-PT\",\"@id\":\"https:\/\/upcavado.pt\/#\/schema\/logo\/image\/\",\"url\":\"https:\/\/upcavado.pt\/wp-content\/uploads\/2017\/09\/logo-upcavado.png\",\"contentUrl\":\"https:\/\/upcavado.pt\/wp-content\/uploads\/2017\/09\/logo-upcavado.png\",\"width\":1200,\"height\":413,\"caption\":\"Up C\u00e1vado\"},\"image\":{\"@id\":\"https:\/\/upcavado.pt\/#\/schema\/logo\/image\/\"},\"sameAs\":[\"https:\/\/www.facebook.com\/UPCAVADO\/\"]}]}<\/script>\n<!-- \/ Yoast SEO plugin. -->","yoast_head_json":{"title":"CIM C\u00e1vado - UP C\u00e1vado","robots":{"index":"index","follow":"follow","max-snippet":"max-snippet:-1","max-image-preview":"max-image-preview:large","max-video-preview":"max-video-preview:-1"},"canonical":"https:\/\/upcavado.pt\/?page_id=50","og_locale":"pt_PT","og_type":"article","og_title":"CIM C\u00e1vado - UP C\u00e1vado","og_description":"A Comunidade Intermunicipal do C\u00e1vado constitui a NUT III do C\u00e1vado. Tem por objectivo conjugar, promover e articular interesses comuns aos munic\u00edpios associados, na \u00e1rea dos servi\u00e7os colectivos de proximidade, e dos diferentes investimentos municipais.","og_url":"https:\/\/upcavado.pt\/?page_id=50","og_site_name":"UP C\u00e1vado","article_publisher":"https:\/\/www.facebook.com\/UPCAVADO\/","article_modified_time":"2017-09-12T09:50:04+00:00","og_image":[{"width":1440,"height":658,"url":"https:\/\/upcavado.pt\/wp-content\/uploads\/2017\/08\/cim-cavado-parallax-image.png","type":"image\/png"}],"twitter_card":"summary_large_image","twitter_misc":{"Tempo estimado de leitura":"1 minuto"},"schema":{"@context":"https:\/\/schema.org","@graph":[{"@type":"WebPage","@id":"https:\/\/upcavado.pt\/?page_id=50","url":"https:\/\/upcavado.pt\/?page_id=50","name":"CIM C\u00e1vado - UP C\u00e1vado","isPartOf":{"@id":"https:\/\/upcavado.pt\/#website"},"primaryImageOfPage":{"@id":"https:\/\/upcavado.pt\/?page_id=50#primaryimage"},"image":{"@id":"https:\/\/upcavado.pt\/?page_id=50#primaryimage"},"thumbnailUrl":"https:\/\/upcavado.pt\/wp-content\/uploads\/2017\/08\/cim-cavado-parallax-image.png","datePublished":"2017-09-01T13:35:05+00:00","dateModified":"2017-09-12T09:50:04+00:00","breadcrumb":{"@id":"https:\/\/upcavado.pt\/?page_id=50#breadcrumb"},"inLanguage":"pt-PT","potentialAction":[{"@type":"ReadAction","target":["https:\/\/upcavado.pt\/?page_id=50"]}]},{"@type":"ImageObject","inLanguage":"pt-PT","@id":"https:\/\/upcavado.pt\/?page_id=50#primaryimage","url":"https:\/\/upcavado.pt\/wp-content\/uploads\/2017\/08\/cim-cavado-parallax-image.png","contentUrl":"https:\/\/upcavado.pt\/wp-content\/uploads\/2017\/08\/cim-cavado-parallax-image.png","width":1440,"height":658},{"@type":"BreadcrumbList","@id":"https:\/\/upcavado.pt\/?page_id=50#breadcrumb","itemListElement":[{"@type":"ListItem","position":1,"name":"In\u00edcio","item":"https:\/\/upcavado.pt\/"},{"@type":"ListItem","position":2,"name":"CIM C\u00e1vado"}]},{"@type":"WebSite","@id":"https:\/\/upcavado.pt\/#website","url":"https:\/\/upcavado.pt\/","name":"UP C\u00e1vado","description":"Novas pontes para a competitividade","publisher":{"@id":"https:\/\/upcavado.pt\/#organization"},"potentialAction":[{"@type":"SearchAction","target":{"@type":"EntryPoint","urlTemplate":"https:\/\/upcavado.pt\/?s={search_term_string}"},"query-input":{"@type":"PropertyValueSpecification","valueRequired":true,"valueName":"search_term_string"}}],"inLanguage":"pt-PT"},{"@type":"Organization","@id":"https:\/\/upcavado.pt\/#organization","name":"Up C\u00e1vado","url":"https:\/\/upcavado.pt\/","logo":{"@type":"ImageObject","inLanguage":"pt-PT","@id":"https:\/\/upcavado.pt\/#\/schema\/logo\/image\/","url":"https:\/\/upcavado.pt\/wp-content\/uploads\/2017\/09\/logo-upcavado.png","contentUrl":"https:\/\/upcavado.pt\/wp-content\/uploads\/2017\/09\/logo-upcavado.png","width":1200,"height":413,"caption":"Up C\u00e1vado"},"image":{"@id":"https:\/\/upcavado.pt\/#\/schema\/logo\/image\/"},"sameAs":["https:\/\/www.facebook.com\/UPCAVADO\/"]}]}},"_links":{"self":[{"href":"https:\/\/upcavado.pt\/index.php?rest_route=\/wp\/v2\/pages\/50","targetHints":{"allow":["GET"]}}],"collection":[{"href":"https:\/\/upcavado.pt\/index.php?rest_route=\/wp\/v2\/pages"}],"about":[{"href":"https:\/\/upcavado.pt\/index.php?rest_route=\/wp\/v2\/types\/page"}],"author":[{"embeddable":true,"href":"https:\/\/upcavado.pt\/index.php?rest_route=\/wp\/v2\/users\/1"}],"replies":[{"embeddable":true,"href":"https:\/\/upcavado.pt\/index.php?rest_route=%2Fwp%2Fv2%2Fcomments&post=50"}],"version-history":[{"count":13,"href":"https:\/\/upcavado.pt\/index.php?rest_route=\/wp\/v2\/pages\/50\/revisions"}],"predecessor-version":[{"id":287,"href":"https:\/\/upcavado.pt\/index.php?rest_route=\/wp\/v2\/pages\/50\/revisions\/287"}],"wp:featuredmedia":[{"embeddable":true,"href":"https:\/\/upcavado.pt\/index.php?rest_route=\/wp\/v2\/media\/54"}],"wp:attachment":[{"href":"https:\/\/upcavado.pt\/index.php?rest_route=%2Fwp%2Fv2%2Fmedia&parent=50"}],"wp:term":[{"taxonomy":"category","embeddable":true,"href":"https:\/\/upcavado.pt\/index.php?rest_route=%2Fwp%2Fv2%2Fcategories&post=50"},{"taxonomy":"post_tag","embeddable":true,"href":"https:\/\/upcavado.pt\/index.php?rest_route=%2Fwp%2Fv2%2Ftags&post=50"}],"curies":[{"name":"wp","href":"https:\/\/api.w.org\/{rel}","templated":true}]}}