{"id":48,"date":"2017-09-01T11:37:11","date_gmt":"2017-09-01T11:37:11","guid":{"rendered":"http:\/\/upcavado.pt\/?page_id=48"},"modified":"2017-09-12T09:17:34","modified_gmt":"2017-09-12T09:17:34","slug":"up-cavado-2","status":"publish","type":"page","link":"https:\/\/upcavado.pt\/?page_id=48&lang=en","title":{"rendered":"UP C\u00e1vado"},"content":{"rendered":"<div class=\"row\">\n<div class=\"col-md-12\">\n<div class=\"row\">\n<div class=\"col-md-8 center\">\n<div class=\"intro-text\">In its essence, <strong>UP C\u00e1vado<\/strong> aims to mobilize and boost the entrepreneurial spirit, the qualification of the business fabric focused on increasing productivity, the training for internationalization and the increase of visibility and international notoriety of the offer of goods and services of the territory.<\/div>\n<div class=\"first-image\">\n<img loading=\"lazy\" decoding=\"async\" src=\"https:\/\/upcavado.pt\/wp-content\/uploads\/2017\/08\/regi-o-c-vado@2x.png\" alt=\"\" width=\"710\" height=\"341\" \/>\n<\/div>\n<div class=\"main-heading\">\n<h2>Goal<\/h2>\n<div class=\"title-separator\"><span class=\"separator-inner\"><\/span><\/div>\n<\/div>\n<div class=\"second-text\">Promote structuring and sustainable actions in the territory, based on a network work among prominent entities in the region<\/div>\n<\/div>\n<div class=\"col-md-12 empreendedorismo-extra\">\n<div class=\"row\">\n<div class=\"col-md-4 emp-item\">\n<div class=\"emp-item-inner\">\n<div class=\"item-icon\"><img loading=\"lazy\" decoding=\"async\" class=\"align\" src=\"https:\/\/upcavado.pt\/wp-content\/uploads\/2017\/08\/logo-uc-empreendedorismo@2x.png\" alt=\"\" width=\"236\" height=\"84\" \/><\/div>\n<div class=\"item-text\">Promote the entrepreneurial spirit of the territory through the availability of a set of tools, knowledge and information indispensable to the process of undertaking.<\/div>\n<div class=\"item-link\"><a class=\"solid-btn\" href=\"empreendedorismo\">Know More<\/a><\/div>\n<\/div>\n<\/div>\n<div class=\"col-md-4 emp-item\">\n<div class=\"emp-item-inner\">\n<div class=\"item-icon\"><img loading=\"lazy\" decoding=\"async\" class=\"align\" src=\"https:\/\/upcavado.pt\/wp-content\/uploads\/2017\/08\/logo-uc-qualifica@2x.png\" alt=\"\" width=\"236\" height=\"84\" \/><\/div>\n<div class=\"item-text\">Enable the existing business fabric through qualification actions focused on increasing productivity and creating value, focusing on the critical factors of business competitiveness.<\/div>\n<div class=\"item-link\"><a class=\"solid-btn\" href=\"qualifica\">Know More<\/a><\/div>\n<\/div>\n<\/div>\n<div class=\"col-md-4 emp-item\">\n<div class=\"emp-item-inner\">\n<div class=\"item-icon\"><img loading=\"lazy\" decoding=\"async\" class=\"align\" src=\"https:\/\/upcavado.pt\/wp-content\/uploads\/2017\/08\/logo-uc-global@2x.png\" alt=\"\" width=\"236\" height=\"84\" \/><\/div>\n<div class=\"item-text\">Increase the visibility and international awareness of the supply of goods and services produced in the territory by strengthening the competitive capacity of its companies and their progression in the value chain.<\/div>\n<div class=\"item-link\"><a class=\"solid-btn\" href=\"global\">Know More<\/a><\/div>\n<\/div>\n<\/div>\n<\/div>\n<\/div>\n<div class=\"col-md-8 center\">\n<div class=\"second-image\">\n<img loading=\"lazy\" decoding=\"async\" src=\"https:\/\/upcavado.pt\/wp-content\/uploads\/2017\/08\/up-cavado-scheme@2x.png\" alt=\"\" width=\"782\" height=\"419\" \/>\n<\/div>\n<\/div>\n<\/div>\n<\/div>\n<\/div>\n","protected":false},"excerpt":{"rendered":"<p>Up C\u00e1vado is a program that aims to boost the territory&#8217;s entrepreneurial ecosystem, qualify and strengthen its productive capacity and increase the visibility and international reputation of its goods and services. Welcome!<\/p>\n","protected":false},"author":1,"featured_media":0,"parent":0,"menu_order":0,"comment_status":"closed","ping_status":"closed","template":"page-geral-sem-cabecalho.php","meta":{"_acf_changed":false,"footnotes":""},"categories":[],"tags":[],"class_list":["post-48","page","type-page","status-publish","hentry"],"acf":[],"yoast_head":"<!-- This site is optimized with the Yoast SEO plugin v26.9 - https:\/\/yoast.com\/product\/yoast-seo-wordpress\/ -->\n<title>UP C\u00e1vado - UP C\u00e1vado<\/title>\n<meta name=\"robots\" content=\"index, follow, max-snippet:-1, max-image-preview:large, max-video-preview:-1\" \/>\n<link rel=\"canonical\" href=\"https:\/\/upcavado.pt\/?page_id=48&lang=en\" \/>\n<meta property=\"og:locale\" content=\"pt_PT\" \/>\n<meta property=\"og:type\" content=\"article\" \/>\n<meta property=\"og:title\" content=\"UP C\u00e1vado - UP C\u00e1vado\" \/>\n<meta property=\"og:description\" content=\"Up C\u00e1vado is a program that aims to boost the territory&#039;s entrepreneurial ecosystem, qualify and strengthen its productive capacity and increase the visibility and international reputation of its goods and services. Welcome!\" \/>\n<meta property=\"og:url\" content=\"https:\/\/upcavado.pt\/?page_id=48&amp;lang=en\" \/>\n<meta property=\"og:site_name\" content=\"UP C\u00e1vado\" \/>\n<meta property=\"article:publisher\" content=\"https:\/\/www.facebook.com\/UPCAVADO\/\" \/>\n<meta property=\"article:modified_time\" content=\"2017-09-12T09:17:34+00:00\" \/>\n<meta property=\"og:image\" content=\"http:\/\/upcavado.pt\/wp-content\/uploads\/2017\/08\/regi-o-c-vado@2x.png\" \/>\n<meta name=\"twitter:card\" content=\"summary_large_image\" \/>\n<meta name=\"twitter:label1\" content=\"Tempo estimado de leitura\" \/>\n\t<meta name=\"twitter:data1\" content=\"1 minuto\" \/>\n<script type=\"application\/ld+json\" class=\"yoast-schema-graph\">{\"@context\":\"https:\/\/schema.org\",\"@graph\":[{\"@type\":\"WebPage\",\"@id\":\"https:\/\/upcavado.pt\/?page_id=48&lang=en\",\"url\":\"https:\/\/upcavado.pt\/?page_id=48&lang=en\",\"name\":\"UP C\u00e1vado - UP C\u00e1vado\",\"isPartOf\":{\"@id\":\"https:\/\/upcavado.pt\/#website\"},\"primaryImageOfPage\":{\"@id\":\"https:\/\/upcavado.pt\/?page_id=48&lang=en#primaryimage\"},\"image\":{\"@id\":\"https:\/\/upcavado.pt\/?page_id=48&lang=en#primaryimage\"},\"thumbnailUrl\":\"http:\/\/upcavado.pt\/wp-content\/uploads\/2017\/08\/regi-o-c-vado@2x.png\",\"datePublished\":\"2017-09-01T11:37:11+00:00\",\"dateModified\":\"2017-09-12T09:17:34+00:00\",\"breadcrumb\":{\"@id\":\"https:\/\/upcavado.pt\/?page_id=48&lang=en#breadcrumb\"},\"inLanguage\":\"pt-PT\",\"potentialAction\":[{\"@type\":\"ReadAction\",\"target\":[\"https:\/\/upcavado.pt\/?page_id=48&lang=en\"]}]},{\"@type\":\"ImageObject\",\"inLanguage\":\"pt-PT\",\"@id\":\"https:\/\/upcavado.pt\/?page_id=48&lang=en#primaryimage\",\"url\":\"http:\/\/upcavado.pt\/wp-content\/uploads\/2017\/08\/regi-o-c-vado@2x.png\",\"contentUrl\":\"http:\/\/upcavado.pt\/wp-content\/uploads\/2017\/08\/regi-o-c-vado@2x.png\"},{\"@type\":\"BreadcrumbList\",\"@id\":\"https:\/\/upcavado.pt\/?page_id=48&lang=en#breadcrumb\",\"itemListElement\":[{\"@type\":\"ListItem\",\"position\":1,\"name\":\"In\u00edcio\",\"item\":\"https:\/\/upcavado.pt\/\"},{\"@type\":\"ListItem\",\"position\":2,\"name\":\"UP C\u00e1vado\"}]},{\"@type\":\"WebSite\",\"@id\":\"https:\/\/upcavado.pt\/#website\",\"url\":\"https:\/\/upcavado.pt\/\",\"name\":\"UP C\u00e1vado\",\"description\":\"Novas pontes para a competitividade\",\"publisher\":{\"@id\":\"https:\/\/upcavado.pt\/#organization\"},\"potentialAction\":[{\"@type\":\"SearchAction\",\"target\":{\"@type\":\"EntryPoint\",\"urlTemplate\":\"https:\/\/upcavado.pt\/?s={search_term_string}\"},\"query-input\":{\"@type\":\"PropertyValueSpecification\",\"valueRequired\":true,\"valueName\":\"search_term_string\"}}],\"inLanguage\":\"pt-PT\"},{\"@type\":\"Organization\",\"@id\":\"https:\/\/upcavado.pt\/#organization\",\"name\":\"Up C\u00e1vado\",\"url\":\"https:\/\/upcavado.pt\/\",\"logo\":{\"@type\":\"ImageObject\",\"inLanguage\":\"pt-PT\",\"@id\":\"https:\/\/upcavado.pt\/#\/schema\/logo\/image\/\",\"url\":\"https:\/\/upcavado.pt\/wp-content\/uploads\/2017\/09\/logo-upcavado.png\",\"contentUrl\":\"https:\/\/upcavado.pt\/wp-content\/uploads\/2017\/09\/logo-upcavado.png\",\"width\":1200,\"height\":413,\"caption\":\"Up C\u00e1vado\"},\"image\":{\"@id\":\"https:\/\/upcavado.pt\/#\/schema\/logo\/image\/\"},\"sameAs\":[\"https:\/\/www.facebook.com\/UPCAVADO\/\"]}]}<\/script>\n<!-- \/ Yoast SEO plugin. -->","yoast_head_json":{"title":"UP C\u00e1vado - UP C\u00e1vado","robots":{"index":"index","follow":"follow","max-snippet":"max-snippet:-1","max-image-preview":"max-image-preview:large","max-video-preview":"max-video-preview:-1"},"canonical":"https:\/\/upcavado.pt\/?page_id=48&lang=en","og_locale":"pt_PT","og_type":"article","og_title":"UP C\u00e1vado - UP C\u00e1vado","og_description":"Up C\u00e1vado is a program that aims to boost the territory's entrepreneurial ecosystem, qualify and strengthen its productive capacity and increase the visibility and international reputation of its goods and services. Welcome!","og_url":"https:\/\/upcavado.pt\/?page_id=48&lang=en","og_site_name":"UP C\u00e1vado","article_publisher":"https:\/\/www.facebook.com\/UPCAVADO\/","article_modified_time":"2017-09-12T09:17:34+00:00","og_image":[{"url":"http:\/\/upcavado.pt\/wp-content\/uploads\/2017\/08\/regi-o-c-vado@2x.png","type":"","width":"","height":""}],"twitter_card":"summary_large_image","twitter_misc":{"Tempo estimado de leitura":"1 minuto"},"schema":{"@context":"https:\/\/schema.org","@graph":[{"@type":"WebPage","@id":"https:\/\/upcavado.pt\/?page_id=48&lang=en","url":"https:\/\/upcavado.pt\/?page_id=48&lang=en","name":"UP C\u00e1vado - UP C\u00e1vado","isPartOf":{"@id":"https:\/\/upcavado.pt\/#website"},"primaryImageOfPage":{"@id":"https:\/\/upcavado.pt\/?page_id=48&lang=en#primaryimage"},"image":{"@id":"https:\/\/upcavado.pt\/?page_id=48&lang=en#primaryimage"},"thumbnailUrl":"http:\/\/upcavado.pt\/wp-content\/uploads\/2017\/08\/regi-o-c-vado@2x.png","datePublished":"2017-09-01T11:37:11+00:00","dateModified":"2017-09-12T09:17:34+00:00","breadcrumb":{"@id":"https:\/\/upcavado.pt\/?page_id=48&lang=en#breadcrumb"},"inLanguage":"pt-PT","potentialAction":[{"@type":"ReadAction","target":["https:\/\/upcavado.pt\/?page_id=48&lang=en"]}]},{"@type":"ImageObject","inLanguage":"pt-PT","@id":"https:\/\/upcavado.pt\/?page_id=48&lang=en#primaryimage","url":"http:\/\/upcavado.pt\/wp-content\/uploads\/2017\/08\/regi-o-c-vado@2x.png","contentUrl":"http:\/\/upcavado.pt\/wp-content\/uploads\/2017\/08\/regi-o-c-vado@2x.png"},{"@type":"BreadcrumbList","@id":"https:\/\/upcavado.pt\/?page_id=48&lang=en#breadcrumb","itemListElement":[{"@type":"ListItem","position":1,"name":"In\u00edcio","item":"https:\/\/upcavado.pt\/"},{"@type":"ListItem","position":2,"name":"UP C\u00e1vado"}]},{"@type":"WebSite","@id":"https:\/\/upcavado.pt\/#website","url":"https:\/\/upcavado.pt\/","name":"UP C\u00e1vado","description":"Novas pontes para a competitividade","publisher":{"@id":"https:\/\/upcavado.pt\/#organization"},"potentialAction":[{"@type":"SearchAction","target":{"@type":"EntryPoint","urlTemplate":"https:\/\/upcavado.pt\/?s={search_term_string}"},"query-input":{"@type":"PropertyValueSpecification","valueRequired":true,"valueName":"search_term_string"}}],"inLanguage":"pt-PT"},{"@type":"Organization","@id":"https:\/\/upcavado.pt\/#organization","name":"Up C\u00e1vado","url":"https:\/\/upcavado.pt\/","logo":{"@type":"ImageObject","inLanguage":"pt-PT","@id":"https:\/\/upcavado.pt\/#\/schema\/logo\/image\/","url":"https:\/\/upcavado.pt\/wp-content\/uploads\/2017\/09\/logo-upcavado.png","contentUrl":"https:\/\/upcavado.pt\/wp-content\/uploads\/2017\/09\/logo-upcavado.png","width":1200,"height":413,"caption":"Up C\u00e1vado"},"image":{"@id":"https:\/\/upcavado.pt\/#\/schema\/logo\/image\/"},"sameAs":["https:\/\/www.facebook.com\/UPCAVADO\/"]}]}},"_links":{"self":[{"href":"https:\/\/upcavado.pt\/index.php?rest_route=\/wp\/v2\/pages\/48","targetHints":{"allow":["GET"]}}],"collection":[{"href":"https:\/\/upcavado.pt\/index.php?rest_route=\/wp\/v2\/pages"}],"about":[{"href":"https:\/\/upcavado.pt\/index.php?rest_route=\/wp\/v2\/types\/page"}],"author":[{"embeddable":true,"href":"https:\/\/upcavado.pt\/index.php?rest_route=\/wp\/v2\/users\/1"}],"replies":[{"embeddable":true,"href":"https:\/\/upcavado.pt\/index.php?rest_route=%2Fwp%2Fv2%2Fcomments&post=48"}],"version-history":[{"count":6,"href":"https:\/\/upcavado.pt\/index.php?rest_route=\/wp\/v2\/pages\/48\/revisions"}],"predecessor-version":[{"id":280,"href":"https:\/\/upcavado.pt\/index.php?rest_route=\/wp\/v2\/pages\/48\/revisions\/280"}],"wp:attachment":[{"href":"https:\/\/upcavado.pt\/index.php?rest_route=%2Fwp%2Fv2%2Fmedia&parent=48"}],"wp:term":[{"taxonomy":"category","embeddable":true,"href":"https:\/\/upcavado.pt\/index.php?rest_route=%2Fwp%2Fv2%2Fcategories&post=48"},{"taxonomy":"post_tag","embeddable":true,"href":"https:\/\/upcavado.pt\/index.php?rest_route=%2Fwp%2Fv2%2Ftags&post=48"}],"curies":[{"name":"wp","href":"https:\/\/api.w.org\/{rel}","templated":true}]}}