{"id":13,"date":"2017-08-31T09:55:23","date_gmt":"2017-08-31T09:55:23","guid":{"rendered":"http:\/\/upcavado.pt\/?page_id=13"},"modified":"2017-09-06T17:18:46","modified_gmt":"2017-09-06T17:18:46","slug":"global","status":"publish","type":"page","link":"https:\/\/upcavado.pt\/?page_id=13","title":{"rendered":"Global"},"content":{"rendered":"<div class=\"col-md-8 center\">\n<div id=\"pre-text\">o que saber<\/div>\n<div id=\"eixo-logo\"><img loading=\"lazy\" decoding=\"async\" class=\"align\" src=\"https:\/\/upcavado.pt\/wp-content\/uploads\/2017\/08\/logo-uc-global@2x.png\" alt=\"\" width=\"236\" height=\"84\" \/><\/div>\n<div id=\"main-text\">Eixo que capacita as empresas para a defini\u00e7\u00e3o de estrat\u00e9gias de Internacionaliza\u00e7\u00e3o e novas abordagens aos mercados externos, a partir de diferentes a\u00e7\u00f5es. O UP C\u00e1vado Global refor\u00e7a a capacidade competitiva das empresas e da sua  progress\u00e3o na cadeia de valor, ambicionando o aumento da visibilidade e notoriedade internacional da oferta de bens e servi\u00e7os end\u00f3genos do C\u00e1vado.<\/div>\n<\/div>\n<div class=\"col-md-4 empreendedorismo-extra center\">\n<div class=\"row\">\n<div class=\"col-md-12 emp-item\">\n<div class=\"emp-item-inner\">\n<div class=\"item-icon\"><img loading=\"lazy\" decoding=\"async\" src=\"https:\/\/upcavado.pt\/wp-content\/uploads\/2017\/08\/ic-estudos-sectoriais@2x.png\" alt=\"\" width=\"47\" height=\"56\" \/><\/div>\n<h4 class=\"item-title\">ESTUDOS SECTORIAIS<\/h4>\n<div class=\"item-text\">Sistematiza\u00e7\u00e3o e valoriza\u00e7\u00e3o de conhecimento sobre mercados internacionais, numa l\u00f3gica de fomentar a exporta\u00e7\u00e3o, bem como o acolhimento de recursos e capital, que tirem partido dos fatores de atratividade e diferencia\u00e7\u00e3o existentes no territ\u00f3rio.<\/div>\n<\/div>\n<\/div>\n<\/div>\n<\/div>\n","protected":false},"excerpt":{"rendered":"<p>Centrada numa opera\u00e7\u00e3o realizada pela parceira entre a CIM C\u00e1vado e InvestBraga a internacionaliza\u00e7\u00e3o \u00e9 um ponto crucial deste programa que pretende promover o aumento da visibilidade e notoriedade internacional da oferta de bens e servi\u00e7os produzidos no territ\u00f3rio.<\/p>\n","protected":false},"author":1,"featured_media":236,"parent":0,"menu_order":0,"comment_status":"closed","ping_status":"closed","template":"page-eixos.php","meta":{"_acf_changed":false,"footnotes":""},"categories":[15],"tags":[],"class_list":["post-13","page","type-page","status-publish","has-post-thumbnail","hentry","category-eixo"],"acf":[],"yoast_head":"<!-- This site is optimized with the Yoast SEO plugin v26.9 - https:\/\/yoast.com\/product\/yoast-seo-wordpress\/ -->\n<title>Global - UP C\u00e1vado<\/title>\n<meta name=\"robots\" content=\"index, follow, max-snippet:-1, max-image-preview:large, max-video-preview:-1\" \/>\n<link rel=\"canonical\" href=\"https:\/\/upcavado.pt\/?page_id=13\" \/>\n<meta property=\"og:locale\" content=\"pt_PT\" \/>\n<meta property=\"og:type\" content=\"article\" \/>\n<meta property=\"og:title\" content=\"Global - UP C\u00e1vado\" \/>\n<meta property=\"og:description\" content=\"Centrada numa opera\u00e7\u00e3o realizada pela parceira entre a CIM C\u00e1vado e InvestBraga a internacionaliza\u00e7\u00e3o \u00e9 um ponto crucial deste programa que pretende promover o aumento da visibilidade e notoriedade internacional da oferta de bens e servi\u00e7os produzidos no territ\u00f3rio.\" \/>\n<meta property=\"og:url\" content=\"https:\/\/upcavado.pt\/?page_id=13\" \/>\n<meta property=\"og:site_name\" content=\"UP C\u00e1vado\" \/>\n<meta property=\"article:publisher\" content=\"https:\/\/www.facebook.com\/UPCAVADO\/\" \/>\n<meta property=\"article:modified_time\" content=\"2017-09-06T17:18:46+00:00\" \/>\n<meta property=\"og:image\" content=\"https:\/\/upcavado.pt\/wp-content\/uploads\/2017\/08\/uc-global-header-bg.png\" \/>\n\t<meta property=\"og:image:width\" content=\"1440\" \/>\n\t<meta property=\"og:image:height\" content=\"560\" \/>\n\t<meta property=\"og:image:type\" content=\"image\/png\" \/>\n<meta name=\"twitter:card\" content=\"summary_large_image\" \/>\n<meta name=\"twitter:label1\" content=\"Tempo estimado de leitura\" \/>\n\t<meta name=\"twitter:data1\" content=\"1 minuto\" \/>\n<script type=\"application\/ld+json\" class=\"yoast-schema-graph\">{\"@context\":\"https:\/\/schema.org\",\"@graph\":[{\"@type\":\"WebPage\",\"@id\":\"https:\/\/upcavado.pt\/?page_id=13\",\"url\":\"https:\/\/upcavado.pt\/?page_id=13\",\"name\":\"Global - UP C\u00e1vado\",\"isPartOf\":{\"@id\":\"https:\/\/upcavado.pt\/#website\"},\"primaryImageOfPage\":{\"@id\":\"https:\/\/upcavado.pt\/?page_id=13#primaryimage\"},\"image\":{\"@id\":\"https:\/\/upcavado.pt\/?page_id=13#primaryimage\"},\"thumbnailUrl\":\"https:\/\/upcavado.pt\/wp-content\/uploads\/2017\/08\/uc-global-header-bg.png\",\"datePublished\":\"2017-08-31T09:55:23+00:00\",\"dateModified\":\"2017-09-06T17:18:46+00:00\",\"breadcrumb\":{\"@id\":\"https:\/\/upcavado.pt\/?page_id=13#breadcrumb\"},\"inLanguage\":\"pt-PT\",\"potentialAction\":[{\"@type\":\"ReadAction\",\"target\":[\"https:\/\/upcavado.pt\/?page_id=13\"]}]},{\"@type\":\"ImageObject\",\"inLanguage\":\"pt-PT\",\"@id\":\"https:\/\/upcavado.pt\/?page_id=13#primaryimage\",\"url\":\"https:\/\/upcavado.pt\/wp-content\/uploads\/2017\/08\/uc-global-header-bg.png\",\"contentUrl\":\"https:\/\/upcavado.pt\/wp-content\/uploads\/2017\/08\/uc-global-header-bg.png\",\"width\":1440,\"height\":560},{\"@type\":\"BreadcrumbList\",\"@id\":\"https:\/\/upcavado.pt\/?page_id=13#breadcrumb\",\"itemListElement\":[{\"@type\":\"ListItem\",\"position\":1,\"name\":\"In\u00edcio\",\"item\":\"https:\/\/upcavado.pt\/\"},{\"@type\":\"ListItem\",\"position\":2,\"name\":\"Global\"}]},{\"@type\":\"WebSite\",\"@id\":\"https:\/\/upcavado.pt\/#website\",\"url\":\"https:\/\/upcavado.pt\/\",\"name\":\"UP C\u00e1vado\",\"description\":\"Novas pontes para a competitividade\",\"publisher\":{\"@id\":\"https:\/\/upcavado.pt\/#organization\"},\"potentialAction\":[{\"@type\":\"SearchAction\",\"target\":{\"@type\":\"EntryPoint\",\"urlTemplate\":\"https:\/\/upcavado.pt\/?s={search_term_string}\"},\"query-input\":{\"@type\":\"PropertyValueSpecification\",\"valueRequired\":true,\"valueName\":\"search_term_string\"}}],\"inLanguage\":\"pt-PT\"},{\"@type\":\"Organization\",\"@id\":\"https:\/\/upcavado.pt\/#organization\",\"name\":\"Up C\u00e1vado\",\"url\":\"https:\/\/upcavado.pt\/\",\"logo\":{\"@type\":\"ImageObject\",\"inLanguage\":\"pt-PT\",\"@id\":\"https:\/\/upcavado.pt\/#\/schema\/logo\/image\/\",\"url\":\"https:\/\/upcavado.pt\/wp-content\/uploads\/2017\/09\/logo-upcavado.png\",\"contentUrl\":\"https:\/\/upcavado.pt\/wp-content\/uploads\/2017\/09\/logo-upcavado.png\",\"width\":1200,\"height\":413,\"caption\":\"Up C\u00e1vado\"},\"image\":{\"@id\":\"https:\/\/upcavado.pt\/#\/schema\/logo\/image\/\"},\"sameAs\":[\"https:\/\/www.facebook.com\/UPCAVADO\/\"]}]}<\/script>\n<!-- \/ Yoast SEO plugin. -->","yoast_head_json":{"title":"Global - UP C\u00e1vado","robots":{"index":"index","follow":"follow","max-snippet":"max-snippet:-1","max-image-preview":"max-image-preview:large","max-video-preview":"max-video-preview:-1"},"canonical":"https:\/\/upcavado.pt\/?page_id=13","og_locale":"pt_PT","og_type":"article","og_title":"Global - UP C\u00e1vado","og_description":"Centrada numa opera\u00e7\u00e3o realizada pela parceira entre a CIM C\u00e1vado e InvestBraga a internacionaliza\u00e7\u00e3o \u00e9 um ponto crucial deste programa que pretende promover o aumento da visibilidade e notoriedade internacional da oferta de bens e servi\u00e7os produzidos no territ\u00f3rio.","og_url":"https:\/\/upcavado.pt\/?page_id=13","og_site_name":"UP C\u00e1vado","article_publisher":"https:\/\/www.facebook.com\/UPCAVADO\/","article_modified_time":"2017-09-06T17:18:46+00:00","og_image":[{"width":1440,"height":560,"url":"https:\/\/upcavado.pt\/wp-content\/uploads\/2017\/08\/uc-global-header-bg.png","type":"image\/png"}],"twitter_card":"summary_large_image","twitter_misc":{"Tempo estimado de leitura":"1 minuto"},"schema":{"@context":"https:\/\/schema.org","@graph":[{"@type":"WebPage","@id":"https:\/\/upcavado.pt\/?page_id=13","url":"https:\/\/upcavado.pt\/?page_id=13","name":"Global - UP C\u00e1vado","isPartOf":{"@id":"https:\/\/upcavado.pt\/#website"},"primaryImageOfPage":{"@id":"https:\/\/upcavado.pt\/?page_id=13#primaryimage"},"image":{"@id":"https:\/\/upcavado.pt\/?page_id=13#primaryimage"},"thumbnailUrl":"https:\/\/upcavado.pt\/wp-content\/uploads\/2017\/08\/uc-global-header-bg.png","datePublished":"2017-08-31T09:55:23+00:00","dateModified":"2017-09-06T17:18:46+00:00","breadcrumb":{"@id":"https:\/\/upcavado.pt\/?page_id=13#breadcrumb"},"inLanguage":"pt-PT","potentialAction":[{"@type":"ReadAction","target":["https:\/\/upcavado.pt\/?page_id=13"]}]},{"@type":"ImageObject","inLanguage":"pt-PT","@id":"https:\/\/upcavado.pt\/?page_id=13#primaryimage","url":"https:\/\/upcavado.pt\/wp-content\/uploads\/2017\/08\/uc-global-header-bg.png","contentUrl":"https:\/\/upcavado.pt\/wp-content\/uploads\/2017\/08\/uc-global-header-bg.png","width":1440,"height":560},{"@type":"BreadcrumbList","@id":"https:\/\/upcavado.pt\/?page_id=13#breadcrumb","itemListElement":[{"@type":"ListItem","position":1,"name":"In\u00edcio","item":"https:\/\/upcavado.pt\/"},{"@type":"ListItem","position":2,"name":"Global"}]},{"@type":"WebSite","@id":"https:\/\/upcavado.pt\/#website","url":"https:\/\/upcavado.pt\/","name":"UP C\u00e1vado","description":"Novas pontes para a competitividade","publisher":{"@id":"https:\/\/upcavado.pt\/#organization"},"potentialAction":[{"@type":"SearchAction","target":{"@type":"EntryPoint","urlTemplate":"https:\/\/upcavado.pt\/?s={search_term_string}"},"query-input":{"@type":"PropertyValueSpecification","valueRequired":true,"valueName":"search_term_string"}}],"inLanguage":"pt-PT"},{"@type":"Organization","@id":"https:\/\/upcavado.pt\/#organization","name":"Up C\u00e1vado","url":"https:\/\/upcavado.pt\/","logo":{"@type":"ImageObject","inLanguage":"pt-PT","@id":"https:\/\/upcavado.pt\/#\/schema\/logo\/image\/","url":"https:\/\/upcavado.pt\/wp-content\/uploads\/2017\/09\/logo-upcavado.png","contentUrl":"https:\/\/upcavado.pt\/wp-content\/uploads\/2017\/09\/logo-upcavado.png","width":1200,"height":413,"caption":"Up C\u00e1vado"},"image":{"@id":"https:\/\/upcavado.pt\/#\/schema\/logo\/image\/"},"sameAs":["https:\/\/www.facebook.com\/UPCAVADO\/"]}]}},"_links":{"self":[{"href":"https:\/\/upcavado.pt\/index.php?rest_route=\/wp\/v2\/pages\/13","targetHints":{"allow":["GET"]}}],"collection":[{"href":"https:\/\/upcavado.pt\/index.php?rest_route=\/wp\/v2\/pages"}],"about":[{"href":"https:\/\/upcavado.pt\/index.php?rest_route=\/wp\/v2\/types\/page"}],"author":[{"embeddable":true,"href":"https:\/\/upcavado.pt\/index.php?rest_route=\/wp\/v2\/users\/1"}],"replies":[{"embeddable":true,"href":"https:\/\/upcavado.pt\/index.php?rest_route=%2Fwp%2Fv2%2Fcomments&post=13"}],"version-history":[{"count":9,"href":"https:\/\/upcavado.pt\/index.php?rest_route=\/wp\/v2\/pages\/13\/revisions"}],"predecessor-version":[{"id":298,"href":"https:\/\/upcavado.pt\/index.php?rest_route=\/wp\/v2\/pages\/13\/revisions\/298"}],"wp:featuredmedia":[{"embeddable":true,"href":"https:\/\/upcavado.pt\/index.php?rest_route=\/wp\/v2\/media\/236"}],"wp:attachment":[{"href":"https:\/\/upcavado.pt\/index.php?rest_route=%2Fwp%2Fv2%2Fmedia&parent=13"}],"wp:term":[{"taxonomy":"category","embeddable":true,"href":"https:\/\/upcavado.pt\/index.php?rest_route=%2Fwp%2Fv2%2Fcategories&post=13"},{"taxonomy":"post_tag","embeddable":true,"href":"https:\/\/upcavado.pt\/index.php?rest_route=%2Fwp%2Fv2%2Ftags&post=13"}],"curies":[{"name":"wp","href":"https:\/\/api.w.org\/{rel}","templated":true}]}}