{"id":11,"date":"2017-08-31T09:55:15","date_gmt":"2017-08-31T09:55:15","guid":{"rendered":"http:\/\/upcavado.pt\/?page_id=11"},"modified":"2017-10-20T09:39:35","modified_gmt":"2017-10-20T09:39:35","slug":"qualifica","status":"publish","type":"page","link":"https:\/\/upcavado.pt\/?page_id=11","title":{"rendered":"Qualifica"},"content":{"rendered":"<div class=\"col-md-8 center\">\n<div id=\"pre-text\">o que saber<\/div>\n<div id=\"eixo-logo\"><img loading=\"lazy\" decoding=\"async\" class=\"align\" src=\"https:\/\/upcavado.pt\/wp-content\/uploads\/2017\/08\/logo-uc-qualifica@2x.png\" alt=\"\" width=\"236\" height=\"84\" \/><\/div>\n<div id=\"main-text\">O UP C\u00e1vado dinamiza a\u00e7\u00f5es de qualifica\u00e7\u00e3o para contribuir para a capacita\u00e7\u00e3o dos empres\u00e1rios e gestores de PME em \u00e1reas vitais para o neg\u00f3cio. Para o desenvolvimento competitivo das empresas o UP C\u00e1vado Qualifica transfere informa\u00e7\u00e3o \u00fatil para o tecido produtivo em \u00e1reas estrat\u00e9gicas.<\/div>\n<\/div>\n<div class=\"col-md-8 empreendedorismo-extra center\">\n<div class=\"row\">\n<div class=\"col-md-6 emp-item\">\n<div class=\"emp-item-inner\">\n<div class=\"item-icon\"><img loading=\"lazy\" decoding=\"async\" src=\"https:\/\/upcavado.pt\/wp-content\/uploads\/2017\/08\/ic-capacitacao-empresarial@2x.png\" alt=\"\" width=\"56\" height=\"54\" \/><\/div>\n<h4 class=\"item-title\">Capacita\u00e7\u00e3o Empresarial<\/h4>\n<div class=\"item-text\">Capacita\u00e7\u00e3o empresarial de PME do C\u00e1vado atrav\u00e9s de a\u00e7\u00f5es implementadas pelas associa\u00e7\u00f5es empresariais da regi\u00e3o, com base numa atua\u00e7\u00e3o e din\u00e2mica em rede colaborativa. <\/div>\n<\/div>\n<\/div>\n<div class=\"col-md-6 emp-item\">\n<div class=\"emp-item-inner\">\n<div class=\"item-icon\"><img loading=\"lazy\" decoding=\"async\" src=\"https:\/\/upcavado.pt\/wp-content\/uploads\/2017\/08\/ic-workshops@2x.png\" alt=\"\" width=\"56\" height=\"51\" \/><\/div>\n<h4 class=\"item-title\">Workshops e forma\u00e7\u00f5es<\/h4>\n<div class=\"item-text\">Ciclo de sess\u00f5es tem\u00e1ticas nos v\u00e1rios munic\u00edpios do C\u00e1vado com o prop\u00f3sito de contribuir para a capacita\u00e7\u00e3o dos empres\u00e1rios e gestores de PME em \u00e1reas vitais para o desenvolvimento empresarial. Este ciclo percorre tem\u00e1ticas relacionadas com os fatores cr\u00edticos de competitividade, adaptadas as carateristicas do setor produtivo do C\u00e1vado.<\/div>\n<div class=\"item-link\"><a class=\"solid-btn\" href=\"https:\/\/upcavado.pt\/business-talks\">Saber Mais<\/a><\/div>\n<\/div>\n<\/div>\n<\/div>\n<\/div>\n","protected":false},"excerpt":{"rendered":"<p>Um dos principais focos deste programa \u00e9 a qualifica\u00e7\u00e3o que faz parte de uma opera\u00e7\u00e3o realizada pelo cons\u00f3rcio entre CIM C\u00e1vado, InvestBraga e Ag\u00eancia de Energia do C\u00e1vado que promove a capacita\u00e7\u00e3o do tecido empresarial existente atrav\u00e9s de a\u00e7\u00f5es focadas no aumento da produtividade e cria\u00e7\u00e3o de valor.<\/p>\n","protected":false},"author":1,"featured_media":124,"parent":0,"menu_order":0,"comment_status":"closed","ping_status":"closed","template":"page-eixos.php","meta":{"_acf_changed":false,"footnotes":""},"categories":[15],"tags":[],"class_list":["post-11","page","type-page","status-publish","has-post-thumbnail","hentry","category-eixo"],"acf":[],"yoast_head":"<!-- This site is optimized with the Yoast SEO plugin v26.9 - https:\/\/yoast.com\/product\/yoast-seo-wordpress\/ -->\n<title>Qualifica - UP C\u00e1vado<\/title>\n<meta name=\"robots\" content=\"index, follow, max-snippet:-1, max-image-preview:large, max-video-preview:-1\" \/>\n<link rel=\"canonical\" href=\"https:\/\/upcavado.pt\/?page_id=11\" \/>\n<meta property=\"og:locale\" content=\"pt_PT\" \/>\n<meta property=\"og:type\" content=\"article\" \/>\n<meta property=\"og:title\" content=\"Qualifica - UP C\u00e1vado\" \/>\n<meta property=\"og:description\" content=\"Um dos principais focos deste programa \u00e9 a qualifica\u00e7\u00e3o que faz parte de uma opera\u00e7\u00e3o realizada pelo cons\u00f3rcio entre CIM C\u00e1vado, InvestBraga e Ag\u00eancia de Energia do C\u00e1vado que promove a capacita\u00e7\u00e3o do tecido empresarial existente atrav\u00e9s de a\u00e7\u00f5es focadas no aumento da produtividade e cria\u00e7\u00e3o de valor.\" \/>\n<meta property=\"og:url\" content=\"https:\/\/upcavado.pt\/?page_id=11\" \/>\n<meta property=\"og:site_name\" content=\"UP C\u00e1vado\" \/>\n<meta property=\"article:publisher\" content=\"https:\/\/www.facebook.com\/UPCAVADO\/\" \/>\n<meta property=\"article:modified_time\" content=\"2017-10-20T09:39:35+00:00\" \/>\n<meta property=\"og:image\" content=\"https:\/\/upcavado.pt\/wp-content\/uploads\/2017\/08\/img-header-qualifica.png\" \/>\n\t<meta property=\"og:image:width\" content=\"1440\" \/>\n\t<meta property=\"og:image:height\" content=\"560\" \/>\n\t<meta property=\"og:image:type\" content=\"image\/png\" \/>\n<meta name=\"twitter:card\" content=\"summary_large_image\" \/>\n<meta name=\"twitter:label1\" content=\"Tempo estimado de leitura\" \/>\n\t<meta name=\"twitter:data1\" content=\"1 minuto\" \/>\n<script type=\"application\/ld+json\" class=\"yoast-schema-graph\">{\"@context\":\"https:\/\/schema.org\",\"@graph\":[{\"@type\":\"WebPage\",\"@id\":\"https:\/\/upcavado.pt\/?page_id=11\",\"url\":\"https:\/\/upcavado.pt\/?page_id=11\",\"name\":\"Qualifica - UP C\u00e1vado\",\"isPartOf\":{\"@id\":\"https:\/\/upcavado.pt\/#website\"},\"primaryImageOfPage\":{\"@id\":\"https:\/\/upcavado.pt\/?page_id=11#primaryimage\"},\"image\":{\"@id\":\"https:\/\/upcavado.pt\/?page_id=11#primaryimage\"},\"thumbnailUrl\":\"https:\/\/upcavado.pt\/wp-content\/uploads\/2017\/08\/img-header-qualifica.png\",\"datePublished\":\"2017-08-31T09:55:15+00:00\",\"dateModified\":\"2017-10-20T09:39:35+00:00\",\"breadcrumb\":{\"@id\":\"https:\/\/upcavado.pt\/?page_id=11#breadcrumb\"},\"inLanguage\":\"pt-PT\",\"potentialAction\":[{\"@type\":\"ReadAction\",\"target\":[\"https:\/\/upcavado.pt\/?page_id=11\"]}]},{\"@type\":\"ImageObject\",\"inLanguage\":\"pt-PT\",\"@id\":\"https:\/\/upcavado.pt\/?page_id=11#primaryimage\",\"url\":\"https:\/\/upcavado.pt\/wp-content\/uploads\/2017\/08\/img-header-qualifica.png\",\"contentUrl\":\"https:\/\/upcavado.pt\/wp-content\/uploads\/2017\/08\/img-header-qualifica.png\",\"width\":1440,\"height\":560},{\"@type\":\"BreadcrumbList\",\"@id\":\"https:\/\/upcavado.pt\/?page_id=11#breadcrumb\",\"itemListElement\":[{\"@type\":\"ListItem\",\"position\":1,\"name\":\"In\u00edcio\",\"item\":\"https:\/\/upcavado.pt\/\"},{\"@type\":\"ListItem\",\"position\":2,\"name\":\"Qualifica\"}]},{\"@type\":\"WebSite\",\"@id\":\"https:\/\/upcavado.pt\/#website\",\"url\":\"https:\/\/upcavado.pt\/\",\"name\":\"UP C\u00e1vado\",\"description\":\"Novas pontes para a competitividade\",\"publisher\":{\"@id\":\"https:\/\/upcavado.pt\/#organization\"},\"potentialAction\":[{\"@type\":\"SearchAction\",\"target\":{\"@type\":\"EntryPoint\",\"urlTemplate\":\"https:\/\/upcavado.pt\/?s={search_term_string}\"},\"query-input\":{\"@type\":\"PropertyValueSpecification\",\"valueRequired\":true,\"valueName\":\"search_term_string\"}}],\"inLanguage\":\"pt-PT\"},{\"@type\":\"Organization\",\"@id\":\"https:\/\/upcavado.pt\/#organization\",\"name\":\"Up C\u00e1vado\",\"url\":\"https:\/\/upcavado.pt\/\",\"logo\":{\"@type\":\"ImageObject\",\"inLanguage\":\"pt-PT\",\"@id\":\"https:\/\/upcavado.pt\/#\/schema\/logo\/image\/\",\"url\":\"https:\/\/upcavado.pt\/wp-content\/uploads\/2017\/09\/logo-upcavado.png\",\"contentUrl\":\"https:\/\/upcavado.pt\/wp-content\/uploads\/2017\/09\/logo-upcavado.png\",\"width\":1200,\"height\":413,\"caption\":\"Up C\u00e1vado\"},\"image\":{\"@id\":\"https:\/\/upcavado.pt\/#\/schema\/logo\/image\/\"},\"sameAs\":[\"https:\/\/www.facebook.com\/UPCAVADO\/\"]}]}<\/script>\n<!-- \/ Yoast SEO plugin. -->","yoast_head_json":{"title":"Qualifica - UP C\u00e1vado","robots":{"index":"index","follow":"follow","max-snippet":"max-snippet:-1","max-image-preview":"max-image-preview:large","max-video-preview":"max-video-preview:-1"},"canonical":"https:\/\/upcavado.pt\/?page_id=11","og_locale":"pt_PT","og_type":"article","og_title":"Qualifica - UP C\u00e1vado","og_description":"Um dos principais focos deste programa \u00e9 a qualifica\u00e7\u00e3o que faz parte de uma opera\u00e7\u00e3o realizada pelo cons\u00f3rcio entre CIM C\u00e1vado, InvestBraga e Ag\u00eancia de Energia do C\u00e1vado que promove a capacita\u00e7\u00e3o do tecido empresarial existente atrav\u00e9s de a\u00e7\u00f5es focadas no aumento da produtividade e cria\u00e7\u00e3o de valor.","og_url":"https:\/\/upcavado.pt\/?page_id=11","og_site_name":"UP C\u00e1vado","article_publisher":"https:\/\/www.facebook.com\/UPCAVADO\/","article_modified_time":"2017-10-20T09:39:35+00:00","og_image":[{"width":1440,"height":560,"url":"https:\/\/upcavado.pt\/wp-content\/uploads\/2017\/08\/img-header-qualifica.png","type":"image\/png"}],"twitter_card":"summary_large_image","twitter_misc":{"Tempo estimado de leitura":"1 minuto"},"schema":{"@context":"https:\/\/schema.org","@graph":[{"@type":"WebPage","@id":"https:\/\/upcavado.pt\/?page_id=11","url":"https:\/\/upcavado.pt\/?page_id=11","name":"Qualifica - UP C\u00e1vado","isPartOf":{"@id":"https:\/\/upcavado.pt\/#website"},"primaryImageOfPage":{"@id":"https:\/\/upcavado.pt\/?page_id=11#primaryimage"},"image":{"@id":"https:\/\/upcavado.pt\/?page_id=11#primaryimage"},"thumbnailUrl":"https:\/\/upcavado.pt\/wp-content\/uploads\/2017\/08\/img-header-qualifica.png","datePublished":"2017-08-31T09:55:15+00:00","dateModified":"2017-10-20T09:39:35+00:00","breadcrumb":{"@id":"https:\/\/upcavado.pt\/?page_id=11#breadcrumb"},"inLanguage":"pt-PT","potentialAction":[{"@type":"ReadAction","target":["https:\/\/upcavado.pt\/?page_id=11"]}]},{"@type":"ImageObject","inLanguage":"pt-PT","@id":"https:\/\/upcavado.pt\/?page_id=11#primaryimage","url":"https:\/\/upcavado.pt\/wp-content\/uploads\/2017\/08\/img-header-qualifica.png","contentUrl":"https:\/\/upcavado.pt\/wp-content\/uploads\/2017\/08\/img-header-qualifica.png","width":1440,"height":560},{"@type":"BreadcrumbList","@id":"https:\/\/upcavado.pt\/?page_id=11#breadcrumb","itemListElement":[{"@type":"ListItem","position":1,"name":"In\u00edcio","item":"https:\/\/upcavado.pt\/"},{"@type":"ListItem","position":2,"name":"Qualifica"}]},{"@type":"WebSite","@id":"https:\/\/upcavado.pt\/#website","url":"https:\/\/upcavado.pt\/","name":"UP C\u00e1vado","description":"Novas pontes para a competitividade","publisher":{"@id":"https:\/\/upcavado.pt\/#organization"},"potentialAction":[{"@type":"SearchAction","target":{"@type":"EntryPoint","urlTemplate":"https:\/\/upcavado.pt\/?s={search_term_string}"},"query-input":{"@type":"PropertyValueSpecification","valueRequired":true,"valueName":"search_term_string"}}],"inLanguage":"pt-PT"},{"@type":"Organization","@id":"https:\/\/upcavado.pt\/#organization","name":"Up C\u00e1vado","url":"https:\/\/upcavado.pt\/","logo":{"@type":"ImageObject","inLanguage":"pt-PT","@id":"https:\/\/upcavado.pt\/#\/schema\/logo\/image\/","url":"https:\/\/upcavado.pt\/wp-content\/uploads\/2017\/09\/logo-upcavado.png","contentUrl":"https:\/\/upcavado.pt\/wp-content\/uploads\/2017\/09\/logo-upcavado.png","width":1200,"height":413,"caption":"Up C\u00e1vado"},"image":{"@id":"https:\/\/upcavado.pt\/#\/schema\/logo\/image\/"},"sameAs":["https:\/\/www.facebook.com\/UPCAVADO\/"]}]}},"_links":{"self":[{"href":"https:\/\/upcavado.pt\/index.php?rest_route=\/wp\/v2\/pages\/11","targetHints":{"allow":["GET"]}}],"collection":[{"href":"https:\/\/upcavado.pt\/index.php?rest_route=\/wp\/v2\/pages"}],"about":[{"href":"https:\/\/upcavado.pt\/index.php?rest_route=\/wp\/v2\/types\/page"}],"author":[{"embeddable":true,"href":"https:\/\/upcavado.pt\/index.php?rest_route=\/wp\/v2\/users\/1"}],"replies":[{"embeddable":true,"href":"https:\/\/upcavado.pt\/index.php?rest_route=%2Fwp%2Fv2%2Fcomments&post=11"}],"version-history":[{"count":16,"href":"https:\/\/upcavado.pt\/index.php?rest_route=\/wp\/v2\/pages\/11\/revisions"}],"predecessor-version":[{"id":372,"href":"https:\/\/upcavado.pt\/index.php?rest_route=\/wp\/v2\/pages\/11\/revisions\/372"}],"wp:featuredmedia":[{"embeddable":true,"href":"https:\/\/upcavado.pt\/index.php?rest_route=\/wp\/v2\/media\/124"}],"wp:attachment":[{"href":"https:\/\/upcavado.pt\/index.php?rest_route=%2Fwp%2Fv2%2Fmedia&parent=11"}],"wp:term":[{"taxonomy":"category","embeddable":true,"href":"https:\/\/upcavado.pt\/index.php?rest_route=%2Fwp%2Fv2%2Fcategories&post=11"},{"taxonomy":"post_tag","embeddable":true,"href":"https:\/\/upcavado.pt\/index.php?rest_route=%2Fwp%2Fv2%2Ftags&post=11"}],"curies":[{"name":"wp","href":"https:\/\/api.w.org\/{rel}","templated":true}]}}