{"id":106,"date":"2017-09-04T16:39:49","date_gmt":"2017-09-04T16:39:49","guid":{"rendered":"http:\/\/upcavado.pt\/?page_id=106"},"modified":"2018-07-12T13:22:38","modified_gmt":"2018-07-12T13:22:38","slug":"antenas","status":"publish","type":"page","link":"https:\/\/upcavado.pt\/?page_id=106","title":{"rendered":"Antenas"},"content":{"rendered":"<div class=\"row\">\n<div class=\"col-md-12\">\n<div class=\"row\">\n<div class=\"col-md-8 center\">\n<div class=\"intro-text\">\n<p>As antenas <strong>UP C\u00e1vado<\/strong> sa\u0303o um servic\u0327o de apoio de proximidade e a porta de entrada no ecossistema empreendedor do Ca\u0301vado. As Antenas UP Ca\u0301vado da\u0303o apoio direto aos empreendedores e promotores de novos nego\u0301cios, atrave\u0301s de servic\u0327os especializados.<\/p>\n<p><strong>Contacto<\/strong><br \/>\nupcavadoempreende@cimcavado.pt<\/p>\n<\/div>\n<\/div>\n<div class=\"col-md-12 antenas-main\">\n<div class=\"row\">\n<div class=\"col-md-12 section-title antenas\">\n<div class=\"title\">\n<h2 class=\"title-about\">Servi\u00e7os<\/h2>\n<\/div>\n<div class=\"title-separator\"><\/div>\n<\/div>\n<div class=\"col-md-4 emp-item\">\n<div class=\"emp-item-inner\">\n<h4 class=\"item-title\">Apoio ao desenvolvimento de ideias de neg\u00f3cio<\/h4>\n<div class=\"item-text\">Dete\u00e7\u00e3o de oportunidades, elabora\u00e7\u00e3o de modelos de neg\u00f3cio, capacita\u00e7\u00e3o empreendedora.<\/div>\n<\/div>\n<\/div>\n<div class=\"col-md-4 emp-item\">\n<div class=\"emp-item-inner\">\n<h4 class=\"item-title\">APOIO A\u0300 CONSTITUIC\u0327A\u0303O DE EMPRESAS<\/h4>\n<div class=\"item-text\">Informac\u0327o\u0303es sobre aspetos legais, financeiros, fiscais, recursos humanos, licenciamento, exportac\u0327o\u0303es, entre outros.<\/div>\n<\/div>\n<\/div>\n<div class=\"col-md-4 emp-item\">\n<div class=\"emp-item-inner\">\n<h4 class=\"item-title\">INFORMAC\u0327A\u0303O SOBRE ACESSO A APOIOS E REENCAMINHAMENTO<\/h4>\n<div class=\"item-text\">Portugal 2020, fontes de financiamentos, acolhimento empresarial.<\/div>\n<\/div>\n<\/div>\n<\/div>\n<\/div>\n<div class=\"col-md-10 center\">\n<div class=\"row\">\n<div id=\"antenas-sections\">\n<div id=\"amares\" class=\"col-md-12 home-eixos\">\n<div class=\"row\">\n<div class=\"col-md-6\">\n<div class=\"row\">\n<div class=\"eixo-info col-md-10 center\">\n<div class=\"title\">\n<h2 class=\"title-about\">Amares<\/h2>\n<\/div>\n<div class=\"title-separator\"><\/div>\n<div class=\"post-excerpt\">\n<ul class=\"morada items\">\n<li><strong>Morada<\/strong><\/li>\n<li>C\u00e2mara Municipal de Amares<\/li>\n<li>Largo do Munic\u00edpio &#8211; 4720 058 Amares<\/li>\n<\/ul>\n<ul class=\"horarios items\">\n<li><strong>Hor\u00e1rio:<\/strong><\/li>\n<li>Segundas-feiras de Manh\u00e3: 09h00 \u2013 12h30<\/li>\n<\/ul>\n<\/div>\n<\/div>\n<\/div>\n<\/div>\n<div class=\"col-md-6\">\n<div class=\"axis-img\"><img loading=\"lazy\" decoding=\"async\" src=\"https:\/\/upcavado.pt\/wp-content\/uploads\/2017\/08\/amares.png\" width=\"420\" height=\"350\" \/><\/div>\n<\/div>\n<\/div>\n<\/div>\n<div id=\"barcelos\" class=\"col-md-12 home-eixos\">\n<div class=\"row\">\n<div class=\"col-md-6\">\n<div class=\"axis-img\"><img loading=\"lazy\" decoding=\"async\" src=\"https:\/\/upcavado.pt\/wp-content\/uploads\/2017\/08\/barcelos.png\" width=\"420\" height=\"350\" \/><\/div>\n<\/div>\n<div class=\"col-md-6\">\n<div class=\"row\">\n<div class=\"eixo-info col-md-10 center\">\n<div class=\"title\">\n<h2 class=\"title-about\">Barcelos<\/h2>\n<\/div>\n<div class=\"title-separator\"><\/div>\n<div class=\"post-excerpt\">\n<ul class=\"morada items\">\n<li><strong>Morada<\/strong><\/li>\n<li>C\u00e2mara Municipal de Barcelos<\/li>\n<li>Largo do Munic\u00edpio 4750-323 Barcelos<\/li>\n<\/ul>\n<ul class=\"horarios items\">\n<li><strong>Hor\u00e1rio:<\/strong><\/li>\n<li>Manh\u00e3: 09h00 \u2013 12h30<\/li>\n<li>Tarde: 14h00 \u2013 17h30<\/li>\n<\/ul>\n<\/div>\n<\/div>\n<\/div>\n<\/div>\n<\/div>\n<\/div>\n<div id=\"braga\" class=\"col-md-12 home-eixos\">\n<div class=\"row\">\n<div class=\"col-md-6\">\n<div class=\"row\">\n<div class=\"eixo-info col-md-10 center\">\n<div class=\"title\">\n<h2 class=\"title-about\">Braga<\/h2>\n<\/div>\n<div class=\"title-separator\"><\/div>\n<div class=\"post-excerpt\">\n<ul class=\"morada items\">\n<li><strong>Morada<\/strong><\/li>\n<li>Startup Braga<\/li>\n<li>Edif\u00edcio GNRATION Pra\u00e7a Conde Agrolongo, n\u00ba123<\/li>\n<li>4700-312 Braga &#8211; Portugal<\/li>\n<\/ul>\n<ul class=\"horarios items\">\n<li><strong>Hor\u00e1rio:<\/strong><\/li>\n<li>Manh\u00e3: 09h00 \u2013 12h30<\/li>\n<li>Tarde: 14h00 \u2013 17h30<\/li>\n<\/ul>\n<\/div>\n<\/div>\n<\/div>\n<\/div>\n<div class=\"col-md-6\">\n<div class=\"axis-img\"><img loading=\"lazy\" decoding=\"async\" src=\"https:\/\/upcavado.pt\/wp-content\/uploads\/2017\/08\/braga.png\" width=\"420\" height=\"350\" \/><\/div>\n<\/div>\n<\/div>\n<\/div>\n<div id=\"esposende\" class=\"col-md-12 home-eixos\">\n<div class=\"row\">\n<div class=\"col-md-6\">\n<div class=\"axis-img\"><img loading=\"lazy\" decoding=\"async\" src=\"https:\/\/upcavado.pt\/wp-content\/uploads\/2017\/08\/esposende.png\" width=\"420\" height=\"350\" \/><\/div>\n<\/div>\n<div class=\"col-md-6\">\n<div class=\"row\">\n<div class=\"eixo-info col-md-10 center\">\n<div class=\"title\">\n<h2 class=\"title-about\">Esposende<\/h2>\n<\/div>\n<div class=\"title-separator\"><\/div>\n<div class=\"post-excerpt\">\n<ul class=\"morada items\">\n<li><strong>Morada<\/strong><\/li>\n<li>Associa\u00e7\u00e3o Comercial e Industrial do Conselho de Esposende<\/li>\n<li>Largo Comandante Oliveira Martins, n \u00ba 12 e 13<\/li>\n<li>4740-211 Esposende<\/li>\n<\/ul>\n<ul class=\"horarios items\">\n<li><strong>Hor\u00e1rio:<\/strong><\/li>\n<li>Manh\u00e3: 09h00 \u2013 12h30<\/li>\n<li>Tarde: 14h00 \u2013 17h30<\/li>\n<\/ul>\n<\/div>\n<\/div>\n<\/div>\n<\/div>\n<\/div>\n<\/div>\n<div id=\"terras-de-bouro\" class=\"col-md-12 home-eixos\">\n<div class=\"row\">\n<div class=\"col-md-6\">\n<div class=\"row\">\n<div class=\"eixo-info col-md-10 center\">\n<div class=\"title\">\n<h2 class=\"title-about\">Terras de Bouro<\/h2>\n<\/div>\n<div class=\"title-separator\"><\/div>\n<div class=\"post-excerpt\">\n<ul class=\"morada items\">\n<li><strong>Morada<\/strong><\/li>\n<li>C\u00e2mara Municipal de Terras de Bouro<\/li>\n<li>Pra\u00e7a do Munic\u00edpio<\/li>\n<li>4840-100 Terras de Bouro<\/li>\n<\/ul>\n<ul class=\"horarios items\">\n<li><strong>Hor\u00e1rio:<\/strong><\/li>\n<li>Quartas-Feiras de Tarde: 14h00 \u2013 17h30<\/li>\n<\/ul>\n<\/div>\n<\/div>\n<\/div>\n<\/div>\n<div class=\"col-md-6\">\n<div class=\"axis-img\"><img loading=\"lazy\" decoding=\"async\" src=\"https:\/\/upcavado.pt\/wp-content\/uploads\/2017\/08\/terras-de-bouro.png\" width=\"420\" height=\"350\" \/><\/div>\n<\/div>\n<\/div>\n<\/div>\n<div id=\"vila-verde\" class=\"col-md-12 home-eixos\">\n<div class=\"row\">\n<div class=\"col-md-6\">\n<div class=\"axis-img\"><img loading=\"lazy\" decoding=\"async\" src=\"https:\/\/upcavado.pt\/wp-content\/uploads\/2017\/08\/vila-verde.png\" width=\"420\" height=\"350\" \/><\/div>\n<\/div>\n<div class=\"col-md-6\">\n<div class=\"row\">\n<div class=\"eixo-info col-md-10 center\">\n<div class=\"title\">\n<h2 class=\"title-about\">Vila Verde<\/h2>\n<\/div>\n<div class=\"title-separator\"><\/div>\n<div class=\"post-excerpt\">\n<ul class=\"morada items\">\n<li><strong>Morada<\/strong><\/li>\n<li>C\u00e2mara Municipal de Vila Verde<\/li>\n<li>Pra\u00e7a do Munic\u00edpio<\/li>\n<li>4730-733 Vila Verde<\/li>\n<\/ul>\n<ul class=\"horarios items\">\n<li><strong>Hor\u00e1rio:<\/strong><\/li>\n<li>Quartas-Feiras de Manh\u00e3: 09h30 \u2013 12h30<\/li>\n<\/ul>\n<\/div>\n<\/div>\n<\/div>\n<\/div>\n<\/div>\n<\/div>\n<\/div>\n<\/div>\n<\/div>\n<\/div>\n<\/div>\n<\/div>\n","protected":false},"excerpt":{"rendered":"<p>Apoio t\u00e9cnico ao n\u00edvel de informa\u00e7\u00e3o sobre constitui\u00e7\u00e3o e desenvolvimento de empresas em todos os aspetos legais, financeiros, fiscais, licenciamentos e internacionaliza\u00e7\u00e3o e, ainda, informa\u00e7\u00e3o sobre acesso a apoios. Saiba aqui onde e quando pode utilizar este gabinete no seu concelho.<\/p>\n","protected":false},"author":1,"featured_media":0,"parent":0,"menu_order":0,"comment_status":"closed","ping_status":"closed","template":"page-geral-sem-cabecalho.php","meta":{"_acf_changed":false,"footnotes":""},"categories":[],"tags":[],"class_list":["post-106","page","type-page","status-publish","hentry"],"acf":[],"yoast_head":"<!-- This site is optimized with the Yoast SEO plugin v26.9 - https:\/\/yoast.com\/product\/yoast-seo-wordpress\/ -->\n<title>Antenas - UP C\u00e1vado<\/title>\n<meta name=\"robots\" content=\"index, follow, max-snippet:-1, max-image-preview:large, max-video-preview:-1\" \/>\n<link rel=\"canonical\" href=\"https:\/\/upcavado.pt\/?page_id=106\" \/>\n<meta property=\"og:locale\" content=\"pt_PT\" \/>\n<meta property=\"og:type\" content=\"article\" \/>\n<meta property=\"og:title\" content=\"Antenas - UP C\u00e1vado\" \/>\n<meta property=\"og:description\" content=\"Apoio t\u00e9cnico ao n\u00edvel de informa\u00e7\u00e3o sobre constitui\u00e7\u00e3o e desenvolvimento de empresas em todos os aspetos legais, financeiros, fiscais, licenciamentos e internacionaliza\u00e7\u00e3o e, ainda, informa\u00e7\u00e3o sobre acesso a apoios. Saiba aqui onde e quando pode utilizar este gabinete no seu concelho.\" \/>\n<meta property=\"og:url\" content=\"https:\/\/upcavado.pt\/?page_id=106\" \/>\n<meta property=\"og:site_name\" content=\"UP C\u00e1vado\" \/>\n<meta property=\"article:publisher\" content=\"https:\/\/www.facebook.com\/UPCAVADO\/\" \/>\n<meta property=\"article:modified_time\" content=\"2018-07-12T13:22:38+00:00\" \/>\n<meta property=\"og:image\" content=\"http:\/\/upcavado.pt\/wp-content\/uploads\/2017\/08\/amares.png\" \/>\n<meta name=\"twitter:card\" content=\"summary_large_image\" \/>\n<meta name=\"twitter:label1\" content=\"Tempo estimado de leitura\" \/>\n\t<meta name=\"twitter:data1\" content=\"1 minuto\" \/>\n<script type=\"application\/ld+json\" class=\"yoast-schema-graph\">{\"@context\":\"https:\/\/schema.org\",\"@graph\":[{\"@type\":\"WebPage\",\"@id\":\"https:\/\/upcavado.pt\/?page_id=106\",\"url\":\"https:\/\/upcavado.pt\/?page_id=106\",\"name\":\"Antenas - UP C\u00e1vado\",\"isPartOf\":{\"@id\":\"https:\/\/upcavado.pt\/#website\"},\"primaryImageOfPage\":{\"@id\":\"https:\/\/upcavado.pt\/?page_id=106#primaryimage\"},\"image\":{\"@id\":\"https:\/\/upcavado.pt\/?page_id=106#primaryimage\"},\"thumbnailUrl\":\"http:\/\/upcavado.pt\/wp-content\/uploads\/2017\/08\/amares.png\",\"datePublished\":\"2017-09-04T16:39:49+00:00\",\"dateModified\":\"2018-07-12T13:22:38+00:00\",\"breadcrumb\":{\"@id\":\"https:\/\/upcavado.pt\/?page_id=106#breadcrumb\"},\"inLanguage\":\"pt-PT\",\"potentialAction\":[{\"@type\":\"ReadAction\",\"target\":[\"https:\/\/upcavado.pt\/?page_id=106\"]}]},{\"@type\":\"ImageObject\",\"inLanguage\":\"pt-PT\",\"@id\":\"https:\/\/upcavado.pt\/?page_id=106#primaryimage\",\"url\":\"http:\/\/upcavado.pt\/wp-content\/uploads\/2017\/08\/amares.png\",\"contentUrl\":\"http:\/\/upcavado.pt\/wp-content\/uploads\/2017\/08\/amares.png\"},{\"@type\":\"BreadcrumbList\",\"@id\":\"https:\/\/upcavado.pt\/?page_id=106#breadcrumb\",\"itemListElement\":[{\"@type\":\"ListItem\",\"position\":1,\"name\":\"In\u00edcio\",\"item\":\"https:\/\/upcavado.pt\/\"},{\"@type\":\"ListItem\",\"position\":2,\"name\":\"Antenas\"}]},{\"@type\":\"WebSite\",\"@id\":\"https:\/\/upcavado.pt\/#website\",\"url\":\"https:\/\/upcavado.pt\/\",\"name\":\"UP C\u00e1vado\",\"description\":\"Novas pontes para a competitividade\",\"publisher\":{\"@id\":\"https:\/\/upcavado.pt\/#organization\"},\"potentialAction\":[{\"@type\":\"SearchAction\",\"target\":{\"@type\":\"EntryPoint\",\"urlTemplate\":\"https:\/\/upcavado.pt\/?s={search_term_string}\"},\"query-input\":{\"@type\":\"PropertyValueSpecification\",\"valueRequired\":true,\"valueName\":\"search_term_string\"}}],\"inLanguage\":\"pt-PT\"},{\"@type\":\"Organization\",\"@id\":\"https:\/\/upcavado.pt\/#organization\",\"name\":\"Up C\u00e1vado\",\"url\":\"https:\/\/upcavado.pt\/\",\"logo\":{\"@type\":\"ImageObject\",\"inLanguage\":\"pt-PT\",\"@id\":\"https:\/\/upcavado.pt\/#\/schema\/logo\/image\/\",\"url\":\"https:\/\/upcavado.pt\/wp-content\/uploads\/2017\/09\/logo-upcavado.png\",\"contentUrl\":\"https:\/\/upcavado.pt\/wp-content\/uploads\/2017\/09\/logo-upcavado.png\",\"width\":1200,\"height\":413,\"caption\":\"Up C\u00e1vado\"},\"image\":{\"@id\":\"https:\/\/upcavado.pt\/#\/schema\/logo\/image\/\"},\"sameAs\":[\"https:\/\/www.facebook.com\/UPCAVADO\/\"]}]}<\/script>\n<!-- \/ Yoast SEO plugin. -->","yoast_head_json":{"title":"Antenas - UP C\u00e1vado","robots":{"index":"index","follow":"follow","max-snippet":"max-snippet:-1","max-image-preview":"max-image-preview:large","max-video-preview":"max-video-preview:-1"},"canonical":"https:\/\/upcavado.pt\/?page_id=106","og_locale":"pt_PT","og_type":"article","og_title":"Antenas - UP C\u00e1vado","og_description":"Apoio t\u00e9cnico ao n\u00edvel de informa\u00e7\u00e3o sobre constitui\u00e7\u00e3o e desenvolvimento de empresas em todos os aspetos legais, financeiros, fiscais, licenciamentos e internacionaliza\u00e7\u00e3o e, ainda, informa\u00e7\u00e3o sobre acesso a apoios. Saiba aqui onde e quando pode utilizar este gabinete no seu concelho.","og_url":"https:\/\/upcavado.pt\/?page_id=106","og_site_name":"UP C\u00e1vado","article_publisher":"https:\/\/www.facebook.com\/UPCAVADO\/","article_modified_time":"2018-07-12T13:22:38+00:00","og_image":[{"url":"http:\/\/upcavado.pt\/wp-content\/uploads\/2017\/08\/amares.png","type":"","width":"","height":""}],"twitter_card":"summary_large_image","twitter_misc":{"Tempo estimado de leitura":"1 minuto"},"schema":{"@context":"https:\/\/schema.org","@graph":[{"@type":"WebPage","@id":"https:\/\/upcavado.pt\/?page_id=106","url":"https:\/\/upcavado.pt\/?page_id=106","name":"Antenas - UP C\u00e1vado","isPartOf":{"@id":"https:\/\/upcavado.pt\/#website"},"primaryImageOfPage":{"@id":"https:\/\/upcavado.pt\/?page_id=106#primaryimage"},"image":{"@id":"https:\/\/upcavado.pt\/?page_id=106#primaryimage"},"thumbnailUrl":"http:\/\/upcavado.pt\/wp-content\/uploads\/2017\/08\/amares.png","datePublished":"2017-09-04T16:39:49+00:00","dateModified":"2018-07-12T13:22:38+00:00","breadcrumb":{"@id":"https:\/\/upcavado.pt\/?page_id=106#breadcrumb"},"inLanguage":"pt-PT","potentialAction":[{"@type":"ReadAction","target":["https:\/\/upcavado.pt\/?page_id=106"]}]},{"@type":"ImageObject","inLanguage":"pt-PT","@id":"https:\/\/upcavado.pt\/?page_id=106#primaryimage","url":"http:\/\/upcavado.pt\/wp-content\/uploads\/2017\/08\/amares.png","contentUrl":"http:\/\/upcavado.pt\/wp-content\/uploads\/2017\/08\/amares.png"},{"@type":"BreadcrumbList","@id":"https:\/\/upcavado.pt\/?page_id=106#breadcrumb","itemListElement":[{"@type":"ListItem","position":1,"name":"In\u00edcio","item":"https:\/\/upcavado.pt\/"},{"@type":"ListItem","position":2,"name":"Antenas"}]},{"@type":"WebSite","@id":"https:\/\/upcavado.pt\/#website","url":"https:\/\/upcavado.pt\/","name":"UP C\u00e1vado","description":"Novas pontes para a competitividade","publisher":{"@id":"https:\/\/upcavado.pt\/#organization"},"potentialAction":[{"@type":"SearchAction","target":{"@type":"EntryPoint","urlTemplate":"https:\/\/upcavado.pt\/?s={search_term_string}"},"query-input":{"@type":"PropertyValueSpecification","valueRequired":true,"valueName":"search_term_string"}}],"inLanguage":"pt-PT"},{"@type":"Organization","@id":"https:\/\/upcavado.pt\/#organization","name":"Up C\u00e1vado","url":"https:\/\/upcavado.pt\/","logo":{"@type":"ImageObject","inLanguage":"pt-PT","@id":"https:\/\/upcavado.pt\/#\/schema\/logo\/image\/","url":"https:\/\/upcavado.pt\/wp-content\/uploads\/2017\/09\/logo-upcavado.png","contentUrl":"https:\/\/upcavado.pt\/wp-content\/uploads\/2017\/09\/logo-upcavado.png","width":1200,"height":413,"caption":"Up C\u00e1vado"},"image":{"@id":"https:\/\/upcavado.pt\/#\/schema\/logo\/image\/"},"sameAs":["https:\/\/www.facebook.com\/UPCAVADO\/"]}]}},"_links":{"self":[{"href":"https:\/\/upcavado.pt\/index.php?rest_route=\/wp\/v2\/pages\/106","targetHints":{"allow":["GET"]}}],"collection":[{"href":"https:\/\/upcavado.pt\/index.php?rest_route=\/wp\/v2\/pages"}],"about":[{"href":"https:\/\/upcavado.pt\/index.php?rest_route=\/wp\/v2\/types\/page"}],"author":[{"embeddable":true,"href":"https:\/\/upcavado.pt\/index.php?rest_route=\/wp\/v2\/users\/1"}],"replies":[{"embeddable":true,"href":"https:\/\/upcavado.pt\/index.php?rest_route=%2Fwp%2Fv2%2Fcomments&post=106"}],"version-history":[{"count":19,"href":"https:\/\/upcavado.pt\/index.php?rest_route=\/wp\/v2\/pages\/106\/revisions"}],"predecessor-version":[{"id":451,"href":"https:\/\/upcavado.pt\/index.php?rest_route=\/wp\/v2\/pages\/106\/revisions\/451"}],"wp:attachment":[{"href":"https:\/\/upcavado.pt\/index.php?rest_route=%2Fwp%2Fv2%2Fmedia&parent=106"}],"wp:term":[{"taxonomy":"category","embeddable":true,"href":"https:\/\/upcavado.pt\/index.php?rest_route=%2Fwp%2Fv2%2Fcategories&post=106"},{"taxonomy":"post_tag","embeddable":true,"href":"https:\/\/upcavado.pt\/index.php?rest_route=%2Fwp%2Fv2%2Ftags&post=106"}],"curies":[{"name":"wp","href":"https:\/\/api.w.org\/{rel}","templated":true}]}}